{"id":920,"date":"2021-07-04T16:18:49","date_gmt":"2021-07-04T14:18:49","guid":{"rendered":"https:\/\/www.leclosdesqueyries.com\/?page_id=920"},"modified":"2026-04-29T16:12:23","modified_gmt":"2026-04-29T14:12:23","slug":"services-activites","status":"publish","type":"page","link":"https:\/\/www.leclosdesqueyries.com\/en\/services-activites\/","title":{"rendered":"Activities &#038; Services"},"content":{"rendered":"\n<p>Discover all the activities and services offered by the Clos des Queyries. To enhance your stay, we offer a range of activities and services to relax, discover and make your visit even more pleasant.<\/p>\n\n\n\n<ul class=\"wp-block-list\"><li><a href=\"#bien-etre\" rel=\"nofollow\">Wellness activities<\/a><ul><li><a href=\"#massage-aromatherapie\" rel=\"nofollow\">Massage, Aromatherapy &#038; Reiki<\/a><\/li><li><a href=\"#massage-chinois\" rel=\"nofollow\">Chinese massage<\/a><\/li><\/ul><\/li><li><a href=\"#decouverte\" rel=\"nofollow\">Discovery activities<\/a><ul><li><a href=\"#degustation-vins\" rel=\"nofollow\">Wine tasting workshop<\/a><\/li><li><a href=\"#bdxadream\">Bordeaux a Dream<\/a><\/li><li><a href=\"#castles-vineyards\">Visit castles and vineyards <\/a><\/li><li><a href=\"#bike-tour\">Bike tour<\/a><\/li><li><a href=\"#boat-trips\">Boat trips<\/a><\/li><\/ul><\/li><li><a href=\"#culinary-workshop\">Culinary workshop<\/a><ul><li><a href=\"#cookery-lessons\">Cookery lessons<\/a><\/li><\/ul><\/li><li><a href=\"#transport\" rel=\"nofollow\">Transport<\/a><\/li><\/ul>\n\n\n\n<h2 class=\"wp-block-heading\" id=\"bien-etre\"><strong>Wellness activities<\/strong><\/h2>\n\n\n\n<div class=\"wp-block-columns are-vertically-aligned-center is-layout-flex wp-container-core-columns-is-layout-1 wp-block-columns-is-layout-flex\">\n<div class=\"wp-block-column is-vertically-aligned-center is-layout-flow wp-block-column-is-layout-flow\">\n<h3 class=\"wp-block-heading\" id=\"massage-aromatherapie\"><strong><strong>Massage, Aromatherapy &#038; Reiki<\/strong><\/strong><\/h3>\n\n\n\n<p>&#8220;By having a massage, you will rediscover the pleasure of inhabiting your body, of abandoning yourself, of receiving, of feeling more alive, more open, more confident&#8221;<\/p>\n\n\n\n<p>Treat yourself to a well-being break with Th\u00e9r\u00e8se, aromatherapist masseuse &#038; Reiki practitioner.<br><a href=\"#rendez-vous\" rel=\"nofollow\">On appointment<\/a><\/p>\n<\/div>\n\n\n\n<div class=\"wp-block-column is-vertically-aligned-center is-layout-flow wp-block-column-is-layout-flow\">\n<figure class=\"wp-block-image size-large\"><img data-recalc-dims=\"1\" loading=\"lazy\" decoding=\"async\" width=\"980\" height=\"654\" src=\"https:\/\/i0.wp.com\/www.leclosdesqueyries.com\/wp-content\/uploads\/2021\/07\/massage-aromatherapie-1.jpeg?resize=980%2C654&#038;ssl=1\" alt=\"\" class=\"wp-image-971\" srcset=\"https:\/\/i0.wp.com\/www.leclosdesqueyries.com\/wp-content\/uploads\/2021\/07\/massage-aromatherapie-1.jpeg?resize=1024%2C683&amp;ssl=1 1024w, https:\/\/i0.wp.com\/www.leclosdesqueyries.com\/wp-content\/uploads\/2021\/07\/massage-aromatherapie-1.jpeg?resize=300%2C200&amp;ssl=1 300w, https:\/\/i0.wp.com\/www.leclosdesqueyries.com\/wp-content\/uploads\/2021\/07\/massage-aromatherapie-1.jpeg?resize=768%2C512&amp;ssl=1 768w, https:\/\/i0.wp.com\/www.leclosdesqueyries.com\/wp-content\/uploads\/2021\/07\/massage-aromatherapie-1.jpeg?resize=1536%2C1024&amp;ssl=1 1536w, https:\/\/i0.wp.com\/www.leclosdesqueyries.com\/wp-content\/uploads\/2021\/07\/massage-aromatherapie-1.jpeg?w=1920&amp;ssl=1 1920w\" sizes=\"auto, (max-width: 980px) 100vw, 980px\" \/><\/figure>\n<\/div>\n<\/div>\n\n\n\n<div class=\"wp-block-columns is-layout-flex wp-container-core-columns-is-layout-2 wp-block-columns-is-layout-flex\">\n<div class=\"wp-block-column is-layout-flow wp-block-column-is-layout-flow\">\n<figure class=\"wp-block-image size-full is-style-default\"><img data-recalc-dims=\"1\" loading=\"lazy\" decoding=\"async\" width=\"370\" height=\"247\" src=\"https:\/\/i0.wp.com\/www.leclosdesqueyries.com\/wp-content\/uploads\/2021\/08\/massage-crane.jpeg?resize=370%2C247&#038;ssl=1\" alt=\"\" class=\"wp-image-998\" srcset=\"https:\/\/i0.wp.com\/www.leclosdesqueyries.com\/wp-content\/uploads\/2021\/08\/massage-crane.jpeg?w=370&amp;ssl=1 370w, https:\/\/i0.wp.com\/www.leclosdesqueyries.com\/wp-content\/uploads\/2021\/08\/massage-crane.jpeg?resize=300%2C200&amp;ssl=1 300w\" sizes=\"auto, (max-width: 370px) 100vw, 370px\" \/><\/figure>\n<\/div>\n\n\n\n<div class=\"wp-block-column is-layout-flow wp-block-column-is-layout-flow\">\n<h3 class=\"wp-block-heading\" id=\"massage-chinois\"><strong>Chinese massage<\/strong><\/h3>\n\n\n\n<p>Well-being at your fingertips! <\/p>\n\n\n\n<p>Let yourself be tempted by a traditional Chinese massage. Nataly offers you its services and expertise in chinese massages <\/p>\n\n\n\n<p>On&nbsp;<a href=\"#rendez-vous\">appointment<\/a><\/p>\n<\/div>\n<\/div>\n\n\n\n<h2 class=\"wp-block-heading\" id=\"decouverte\"><strong>Discovery activities<\/strong><\/h2>\n\n\n\n<div class=\"wp-block-columns are-vertically-aligned-center is-layout-flex wp-container-core-columns-is-layout-3 wp-block-columns-is-layout-flex\">\n<div class=\"wp-block-column is-vertically-aligned-center is-layout-flow wp-block-column-is-layout-flow\">\n<h3 class=\"wp-block-heading\" id=\"degustation-vins\">Wine tasting workshop<\/h3>\n\n\n\n<p>Let yourself be surprised by this initiation. You will discover the stages of the tasting. Like the pros, knowing how to describe the color of the wine, smell its perfume, taste its flavors, better understand the work of the winegrower, winemaking \u2026<\/p>\n\n\n\n<p>Control flavors, tastes \u2026 Or, on the contrary, play with contrasts.<\/p>\n\n\n\n<p>Tasting sessions <a href=\"#rendez-vous\" rel=\"nofollow\">on appointment<\/a>.<\/p>\n<\/div>\n\n\n\n<div class=\"wp-block-column is-vertically-aligned-center is-layout-flow wp-block-column-is-layout-flow\">\n<figure class=\"wp-block-image size-large\"><img data-recalc-dims=\"1\" loading=\"lazy\" decoding=\"async\" width=\"512\" height=\"341\" src=\"https:\/\/i0.wp.com\/www.leclosdesqueyries.com\/wp-content\/uploads\/2021\/07\/degustation-oenonlogique.jpeg?resize=512%2C341&#038;ssl=1\" alt=\"\" class=\"wp-image-940\" srcset=\"https:\/\/i0.wp.com\/www.leclosdesqueyries.com\/wp-content\/uploads\/2021\/07\/degustation-oenonlogique.jpeg?w=512&amp;ssl=1 512w, https:\/\/i0.wp.com\/www.leclosdesqueyries.com\/wp-content\/uploads\/2021\/07\/degustation-oenonlogique.jpeg?resize=300%2C200&amp;ssl=1 300w\" sizes=\"auto, (max-width: 512px) 100vw, 512px\" \/><\/figure>\n<\/div>\n<\/div>\n\n\n\n<div class=\"wp-block-columns is-layout-flex wp-container-core-columns-is-layout-4 wp-block-columns-is-layout-flex\">\n<div class=\"wp-block-column is-layout-flow wp-block-column-is-layout-flow\">\n<figure class=\"wp-block-image size-full\"><img data-recalc-dims=\"1\" loading=\"lazy\" decoding=\"async\" width=\"980\" height=\"751\" src=\"https:\/\/i0.wp.com\/www.leclosdesqueyries.com\/wp-content\/uploads\/2023\/03\/Bordeaux_a_dream_logo-1.png?resize=980%2C751&#038;ssl=1\" alt=\"Bordeaux a Dream\" class=\"wp-image-1075\" srcset=\"https:\/\/i0.wp.com\/www.leclosdesqueyries.com\/wp-content\/uploads\/2023\/03\/Bordeaux_a_dream_logo-1.png?w=1018&amp;ssl=1 1018w, https:\/\/i0.wp.com\/www.leclosdesqueyries.com\/wp-content\/uploads\/2023\/03\/Bordeaux_a_dream_logo-1.png?resize=300%2C230&amp;ssl=1 300w, https:\/\/i0.wp.com\/www.leclosdesqueyries.com\/wp-content\/uploads\/2023\/03\/Bordeaux_a_dream_logo-1.png?resize=768%2C588&amp;ssl=1 768w\" sizes=\"auto, (max-width: 980px) 100vw, 980px\" \/><figcaption>Bordeaux a Dream<\/figcaption><\/figure>\n<\/div>\n\n\n\n<div class=\"wp-block-column is-layout-flow wp-block-column-is-layout-flow\">\n<h3 class=\"wp-block-heading\" id=\"bdxadream\">Bordeaux a Dream<\/h3>\n\n\n\n<p>Looking for an extraordinary food adventure? Bordeaux A Dream makes you discover the secrets of Bordeaux through gourmet tours and activities.<\/p>\n\n\n\n<p><a href=\"https:\/\/bordeaux-a-dream.com\/\" target=\"_blank\" rel=\"noreferrer noopener nofollow\">Visit Bordeaux a Dream<\/a><\/p>\n<\/div>\n<\/div>\n\n\n\n<div class=\"wp-block-columns is-layout-flex wp-container-core-columns-is-layout-5 wp-block-columns-is-layout-flex\">\n<div class=\"wp-block-column is-layout-flow wp-block-column-is-layout-flow\">\n<h3 class=\"wp-block-heading\" id=\"castles-vineyards\">Visit castles and vineyards<\/h3>\n\n\n\n<figure class=\"wp-block-image size-large\"><img data-recalc-dims=\"1\" loading=\"lazy\" decoding=\"async\" width=\"980\" height=\"536\" src=\"https:\/\/i0.wp.com\/www.leclosdesqueyries.com\/wp-content\/uploads\/2024\/02\/vignes.jpeg?resize=980%2C536&#038;ssl=1\" alt=\"\" class=\"wp-image-1171\" srcset=\"https:\/\/i0.wp.com\/www.leclosdesqueyries.com\/wp-content\/uploads\/2024\/02\/vignes-scaled.jpeg?resize=1024%2C560&amp;ssl=1 1024w, https:\/\/i0.wp.com\/www.leclosdesqueyries.com\/wp-content\/uploads\/2024\/02\/vignes-scaled.jpeg?resize=300%2C164&amp;ssl=1 300w, https:\/\/i0.wp.com\/www.leclosdesqueyries.com\/wp-content\/uploads\/2024\/02\/vignes-scaled.jpeg?resize=768%2C420&amp;ssl=1 768w, https:\/\/i0.wp.com\/www.leclosdesqueyries.com\/wp-content\/uploads\/2024\/02\/vignes-scaled.jpeg?resize=1536%2C840&amp;ssl=1 1536w, https:\/\/i0.wp.com\/www.leclosdesqueyries.com\/wp-content\/uploads\/2024\/02\/vignes-scaled.jpeg?resize=2048%2C1120&amp;ssl=1 2048w, https:\/\/i0.wp.com\/www.leclosdesqueyries.com\/wp-content\/uploads\/2024\/02\/vignes-scaled.jpeg?w=1960&amp;ssl=1 1960w\" sizes=\"auto, (max-width: 980px) 100vw, 980px\" \/><\/figure>\n\n\n\n<p>Whether you&#8217;re a novice or a connoisseur, our partner ch\u00e2teaux will win you over with the richness of their vineyards, the beauty of their estates and the quality of their wines.<\/p>\n<\/div>\n\n\n\n<div class=\"wp-block-column is-layout-flow wp-block-column-is-layout-flow\">\n<h3 class=\"wp-block-heading\" id=\"bike-tour\">Bike tour <\/h3>\n\n\n\n<figure class=\"wp-block-image size-full\"><img data-recalc-dims=\"1\" loading=\"lazy\" decoding=\"async\" width=\"980\" height=\"654\" src=\"https:\/\/i0.wp.com\/www.leclosdesqueyries.com\/wp-content\/uploads\/2024\/02\/ve%CC%81lo.webp?resize=980%2C654&#038;ssl=1\" alt=\"\" class=\"wp-image-1172\" srcset=\"https:\/\/i0.wp.com\/www.leclosdesqueyries.com\/wp-content\/uploads\/2024\/02\/ve%CC%81lo.webp?w=1000&amp;ssl=1 1000w, https:\/\/i0.wp.com\/www.leclosdesqueyries.com\/wp-content\/uploads\/2024\/02\/ve%CC%81lo.webp?resize=300%2C200&amp;ssl=1 300w, https:\/\/i0.wp.com\/www.leclosdesqueyries.com\/wp-content\/uploads\/2024\/02\/ve%CC%81lo.webp?resize=768%2C512&amp;ssl=1 768w\" sizes=\"auto, (max-width: 980px) 100vw, 980px\" \/><\/figure>\n\n\n\n<p>Treat yourself to a unique stroll through the heart of Bordeaux, discovering its historic centre, a jewel of architecture, its exceptional terroir and its grands crus class\u00e9s.<\/p>\n<\/div>\n\n\n\n<div class=\"wp-block-column is-layout-flow wp-block-column-is-layout-flow\">\n<h3 class=\"wp-block-heading\" id=\"boat-trips\">Boat trips<\/h3>\n\n\n\n<figure class=\"wp-block-image size-large\"><img data-recalc-dims=\"1\" loading=\"lazy\" decoding=\"async\" width=\"980\" height=\"551\" src=\"https:\/\/i0.wp.com\/www.leclosdesqueyries.com\/wp-content\/uploads\/2024\/02\/bateau.webp?resize=980%2C551&#038;ssl=1\" alt=\"\" class=\"wp-image-1173\" srcset=\"https:\/\/i0.wp.com\/www.leclosdesqueyries.com\/wp-content\/uploads\/2024\/02\/bateau.webp?resize=1024%2C576&amp;ssl=1 1024w, https:\/\/i0.wp.com\/www.leclosdesqueyries.com\/wp-content\/uploads\/2024\/02\/bateau.webp?resize=300%2C169&amp;ssl=1 300w, https:\/\/i0.wp.com\/www.leclosdesqueyries.com\/wp-content\/uploads\/2024\/02\/bateau.webp?resize=768%2C432&amp;ssl=1 768w, https:\/\/i0.wp.com\/www.leclosdesqueyries.com\/wp-content\/uploads\/2024\/02\/bateau.webp?w=1422&amp;ssl=1 1422w\" sizes=\"auto, (max-width: 980px) 100vw, 980px\" \/><\/figure>\n\n\n\n<p>Embark in the heart of Bordeaux and discover the city from the river, aboard our riverboats. During these river trips, you&#8217;ll learn more about Bordeaux and its close links with the Garonne and wine.<\/p>\n<\/div>\n<\/div>\n\n\n\n<h2 class=\"wp-block-heading\" id=\"culinary-workshop\"><strong>Culinary workshop<\/strong><\/h2>\n\n\n\n<div class=\"wp-block-columns is-layout-flex wp-container-core-columns-is-layout-6 wp-block-columns-is-layout-flex\">\n<div class=\"wp-block-column is-layout-flow wp-block-column-is-layout-flow\">\n<h3 class=\"wp-block-heading\" id=\"cookery-lessons\">Cookery lessons<\/h3>\n\n\n\n<figure class=\"wp-block-image size-large\"><img data-recalc-dims=\"1\" loading=\"lazy\" decoding=\"async\" width=\"980\" height=\"654\" src=\"https:\/\/i0.wp.com\/www.leclosdesqueyries.com\/wp-content\/uploads\/2024\/02\/cuisine.jpg?resize=980%2C654&#038;ssl=1\" alt=\"\" class=\"wp-image-1174\" srcset=\"https:\/\/i0.wp.com\/www.leclosdesqueyries.com\/wp-content\/uploads\/2024\/02\/cuisine.jpg?resize=1024%2C683&amp;ssl=1 1024w, https:\/\/i0.wp.com\/www.leclosdesqueyries.com\/wp-content\/uploads\/2024\/02\/cuisine.jpg?resize=300%2C200&amp;ssl=1 300w, https:\/\/i0.wp.com\/www.leclosdesqueyries.com\/wp-content\/uploads\/2024\/02\/cuisine.jpg?resize=768%2C513&amp;ssl=1 768w, https:\/\/i0.wp.com\/www.leclosdesqueyries.com\/wp-content\/uploads\/2024\/02\/cuisine.jpg?resize=1536%2C1025&amp;ssl=1 1536w, https:\/\/i0.wp.com\/www.leclosdesqueyries.com\/wp-content\/uploads\/2024\/02\/cuisine.jpg?w=1840&amp;ssl=1 1840w\" sizes=\"auto, (max-width: 980px) 100vw, 980px\" \/><\/figure>\n\n\n\n<p>A flavour enhancer in life and on the plate!<\/p>\n<\/div>\n\n\n\n<div class=\"wp-block-column is-layout-flow wp-block-column-is-layout-flow\"><\/div>\n\n\n\n<div class=\"wp-block-column is-layout-flow wp-block-column-is-layout-flow\"><\/div>\n<\/div>\n\n\n\n<h2 class=\"wp-block-heading\" id=\"transport\"><strong>Transport<\/strong><\/h2>\n\n\n\n<div class=\"wp-block-getwid-section\"><div class=\"wp-block-getwid-section__wrapper\"><div class=\"wp-block-getwid-section__inner-wrapper\"><div class=\"wp-block-getwid-section__background-holder\"><div class=\"wp-block-getwid-section__background\"><\/div><div class=\"wp-block-getwid-section__foreground\"><\/div><\/div><div class=\"wp-block-getwid-section__content\"><div class=\"wp-block-getwid-section__inner-content\"><div class=\"wp-block-image\">\n<figure class=\"aligncenter size-large is-resized\"><img data-recalc-dims=\"1\" loading=\"lazy\" decoding=\"async\" src=\"https:\/\/i0.wp.com\/www.leclosdesqueyries.com\/wp-content\/uploads\/2020\/08\/logo-all-in-drive-chauffeur-prive-bordeaux.png?resize=163%2C154&#038;ssl=1\" alt=\"Logo - All in drive\" class=\"wp-image-875\" width=\"163\" height=\"154\"\/><\/figure><\/div>\n\n\n<p class=\"has-text-align-center\"><strong>All In Drive : Private driver in Bordeaux<\/strong><\/p>\n\n\n\n<p class=\"has-text-align-center\">Website : <a href=\"https:\/\/all-indrive.fr\/\">https:\/\/all-indrive.fr\/<\/a><br>Phone : <a href=\"tel:+33766656599\"><a href=\"tel:+33766656599\">+33 (0)7 66 65 65 99<\/a><\/a><\/p>\n<\/div><\/div><\/div><\/div><\/div>\n\n\n\n<h2 class=\"wp-block-heading\" id=\"rendez-vous\"><strong>Appointments<\/strong><\/h2>\n\n\n\n<p>To make an appointment for one of the services offered. Contact Clos des Queyries by phone<\/p>\n\n\n\n<div class=\"wp-block-buttons is-layout-flex wp-block-buttons-is-layout-flex\">\n<div class=\"wp-block-button\"><a class=\"wp-block-button__link has-white-color has-text-color has-background\" href=\"tel:+33766316466\" style=\"background-color:#801c1f\">+33 (0)7 66 31 64 66<\/a><\/div>\n<\/div>\n","protected":false},"excerpt":{"rendered":"<p>Discover all the activities and services offered by the Clos des Queyries. To enhance your stay, we offer a range of activities and services to relax, discover and make your visit even more pleasant. Wellness activities Massage, Aromatherapy &#038; Reiki Chinese massage Discovery activities Wine tasting workshop Bordeaux a Dream Visit castles and vineyards Bike [&hellip;]<\/p>\n","protected":false},"author":1,"featured_media":0,"parent":0,"menu_order":0,"comment_status":"closed","ping_status":"closed","template":"template-fullwidth.php","meta":{"_acf_changed":false,"footnotes":""},"class_list":["post-920","page","type-page","status-publish","hentry"],"acf":[],"yoast_head":"<!-- This site is optimized with the Yoast SEO plugin v25.6 - https:\/\/yoast.com\/wordpress\/plugins\/seo\/ -->\n<title>Activities &amp; Services<\/title>\n<meta name=\"description\" content=\"D\u00e9couvrez toutes les activit\u00e9s et les services propos\u00e9s par le Clos des Queyries pour agr\u00e9menter votre s\u00e9jour\" \/>\n<meta name=\"robots\" content=\"index, follow, max-snippet:-1, max-image-preview:large, max-video-preview:-1\" \/>\n<link rel=\"canonical\" href=\"https:\/\/www.leclosdesqueyries.com\/en\/services-activites\/\" \/>\n<meta property=\"og:locale\" content=\"en_US\" \/>\n<meta property=\"og:locale:alternate\" content=\"fr_FR\" \/>\n<meta property=\"og:locale:alternate\" content=\"es_ES\" \/>\n<meta property=\"og:type\" content=\"article\" \/>\n<meta property=\"og:title\" content=\"Activities &amp; Services\" \/>\n<meta property=\"og:description\" content=\"D\u00e9couvrez toutes les activit\u00e9s et les services propos\u00e9s par le Clos des Queyries pour agr\u00e9menter votre s\u00e9jour\" \/>\n<meta property=\"og:url\" content=\"https:\/\/www.leclosdesqueyries.com\/en\/services-activites\/\" \/>\n<meta property=\"og:site_name\" content=\"Le Clos des Queyries\" \/>\n<meta property=\"article:modified_time\" content=\"2026-04-29T14:12:23+00:00\" \/>\n<meta property=\"og:image\" content=\"https:\/\/www.leclosdesqueyries.com\/wp-content\/uploads\/2021\/07\/massage-aromatherapie-1024x683.jpeg\" \/>\n<meta name=\"twitter:card\" content=\"summary_large_image\" \/>\n<meta name=\"twitter:label1\" content=\"Est. reading time\" \/>\n\t<meta name=\"twitter:data1\" content=\"5 minutes\" \/>\n<script type=\"application\/ld+json\" class=\"yoast-schema-graph\">{\"@context\":\"https:\/\/schema.org\",\"@graph\":[{\"@type\":\"WebPage\",\"@id\":\"https:\/\/www.leclosdesqueyries.com\/es\/services-activites\/\",\"url\":\"https:\/\/www.leclosdesqueyries.com\/es\/services-activites\/\",\"name\":\"Activities & Services\",\"isPartOf\":{\"@id\":\"https:\/\/www.leclosdesqueyries.com\/#website\"},\"primaryImageOfPage\":{\"@id\":\"https:\/\/www.leclosdesqueyries.com\/es\/services-activites\/#primaryimage\"},\"image\":{\"@id\":\"https:\/\/www.leclosdesqueyries.com\/es\/services-activites\/#primaryimage\"},\"thumbnailUrl\":\"https:\/\/www.leclosdesqueyries.com\/wp-content\/uploads\/2021\/07\/massage-aromatherapie-1024x683.jpeg\",\"datePublished\":\"2021-07-04T14:18:49+00:00\",\"dateModified\":\"2026-04-29T14:12:23+00:00\",\"description\":\"D\u00e9couvrez toutes les activit\u00e9s et les services propos\u00e9s par le Clos des Queyries pour agr\u00e9menter votre s\u00e9jour\",\"inLanguage\":\"en-US\",\"potentialAction\":[{\"@type\":\"ReadAction\",\"target\":[\"https:\/\/www.leclosdesqueyries.com\/es\/services-activites\/\"]}]},{\"@type\":\"ImageObject\",\"inLanguage\":\"en-US\",\"@id\":\"https:\/\/www.leclosdesqueyries.com\/es\/services-activites\/#primaryimage\",\"url\":\"https:\/\/www.leclosdesqueyries.com\/wp-content\/uploads\/2021\/07\/massage-aromatherapie-1024x683.jpeg\",\"contentUrl\":\"https:\/\/www.leclosdesqueyries.com\/wp-content\/uploads\/2021\/07\/massage-aromatherapie-1024x683.jpeg\"},{\"@type\":\"WebSite\",\"@id\":\"https:\/\/www.leclosdesqueyries.com\/#website\",\"url\":\"https:\/\/www.leclosdesqueyries.com\/\",\"name\":\"Le Clos des Queyries\",\"description\":\"\",\"publisher\":{\"@id\":\"https:\/\/www.leclosdesqueyries.com\/#organization\"},\"potentialAction\":[{\"@type\":\"SearchAction\",\"target\":{\"@type\":\"EntryPoint\",\"urlTemplate\":\"https:\/\/www.leclosdesqueyries.com\/?s={search_term_string}\"},\"query-input\":{\"@type\":\"PropertyValueSpecification\",\"valueRequired\":true,\"valueName\":\"search_term_string\"}}],\"inLanguage\":\"en-US\"},{\"@type\":\"Organization\",\"@id\":\"https:\/\/www.leclosdesqueyries.com\/#organization\",\"name\":\"Le Clos des Queyries\",\"url\":\"https:\/\/www.leclosdesqueyries.com\/\",\"logo\":{\"@type\":\"ImageObject\",\"inLanguage\":\"en-US\",\"@id\":\"https:\/\/www.leclosdesqueyries.com\/#\/schema\/logo\/image\/\",\"url\":\"https:\/\/i0.wp.com\/www.leclosdesqueyries.com\/wp-content\/uploads\/2020\/06\/cropped-Logo-LeClosQueyries-2018-2-3.jpg?fit=2048%2C934&ssl=1\",\"contentUrl\":\"https:\/\/i0.wp.com\/www.leclosdesqueyries.com\/wp-content\/uploads\/2020\/06\/cropped-Logo-LeClosQueyries-2018-2-3.jpg?fit=2048%2C934&ssl=1\",\"width\":2048,\"height\":934,\"caption\":\"Le Clos des Queyries\"},\"image\":{\"@id\":\"https:\/\/www.leclosdesqueyries.com\/#\/schema\/logo\/image\/\"}}]}<\/script>\n<!-- \/ Yoast SEO plugin. -->","yoast_head_json":{"title":"Activities & Services","description":"D\u00e9couvrez toutes les activit\u00e9s et les services propos\u00e9s par le Clos des Queyries pour agr\u00e9menter votre s\u00e9jour","robots":{"index":"index","follow":"follow","max-snippet":"max-snippet:-1","max-image-preview":"max-image-preview:large","max-video-preview":"max-video-preview:-1"},"canonical":"https:\/\/www.leclosdesqueyries.com\/en\/services-activites\/","og_locale":"en_US","og_type":"article","og_title":"[:fr]Activit\u00e9s & Services[:en]Activities & Services[:es]Actividades y Servicios[:] - Le Clos des Queyries","og_description":"[:fr]D\u00e9couvrez toutes les activit\u00e9s et les services propos\u00e9s par le Clos des Queyries pour agr\u00e9menter votre s\u00e9jour[:]","og_url":"https:\/\/www.leclosdesqueyries.com\/en\/services-activites\/","og_site_name":"Le Clos des Queyries","article_modified_time":"2026-04-29T14:12:23+00:00","og_image":[{"url":"https:\/\/www.leclosdesqueyries.com\/wp-content\/uploads\/2021\/07\/massage-aromatherapie-1024x683.jpeg","type":"","width":"","height":""}],"twitter_card":"summary_large_image","twitter_misc":{"Est. reading time":"5 minutes"},"schema":{"@context":"https:\/\/schema.org","@graph":[{"@type":"WebPage","@id":"https:\/\/www.leclosdesqueyries.com\/es\/services-activites\/","url":"https:\/\/www.leclosdesqueyries.com\/es\/services-activites\/","name":"Activities & Services","isPartOf":{"@id":"https:\/\/www.leclosdesqueyries.com\/#website"},"primaryImageOfPage":{"@id":"https:\/\/www.leclosdesqueyries.com\/es\/services-activites\/#primaryimage"},"image":{"@id":"https:\/\/www.leclosdesqueyries.com\/es\/services-activites\/#primaryimage"},"thumbnailUrl":"https:\/\/www.leclosdesqueyries.com\/wp-content\/uploads\/2021\/07\/massage-aromatherapie-1024x683.jpeg","datePublished":"2021-07-04T14:18:49+00:00","dateModified":"2026-04-29T14:12:23+00:00","description":"D\u00e9couvrez toutes les activit\u00e9s et les services propos\u00e9s par le Clos des Queyries pour agr\u00e9menter votre s\u00e9jour","inLanguage":"en-US","potentialAction":[{"@type":"ReadAction","target":["https:\/\/www.leclosdesqueyries.com\/es\/services-activites\/"]}]},{"@type":"ImageObject","inLanguage":"en-US","@id":"https:\/\/www.leclosdesqueyries.com\/es\/services-activites\/#primaryimage","url":"https:\/\/www.leclosdesqueyries.com\/wp-content\/uploads\/2021\/07\/massage-aromatherapie-1024x683.jpeg","contentUrl":"https:\/\/www.leclosdesqueyries.com\/wp-content\/uploads\/2021\/07\/massage-aromatherapie-1024x683.jpeg"},{"@type":"WebSite","@id":"https:\/\/www.leclosdesqueyries.com\/#website","url":"https:\/\/www.leclosdesqueyries.com\/","name":"Le Clos des Queyries","description":"","publisher":{"@id":"https:\/\/www.leclosdesqueyries.com\/#organization"},"potentialAction":[{"@type":"SearchAction","target":{"@type":"EntryPoint","urlTemplate":"https:\/\/www.leclosdesqueyries.com\/?s={search_term_string}"},"query-input":{"@type":"PropertyValueSpecification","valueRequired":true,"valueName":"search_term_string"}}],"inLanguage":"en-US"},{"@type":"Organization","@id":"https:\/\/www.leclosdesqueyries.com\/#organization","name":"Le Clos des Queyries","url":"https:\/\/www.leclosdesqueyries.com\/","logo":{"@type":"ImageObject","inLanguage":"en-US","@id":"https:\/\/www.leclosdesqueyries.com\/#\/schema\/logo\/image\/","url":"https:\/\/i0.wp.com\/www.leclosdesqueyries.com\/wp-content\/uploads\/2020\/06\/cropped-Logo-LeClosQueyries-2018-2-3.jpg?fit=2048%2C934&ssl=1","contentUrl":"https:\/\/i0.wp.com\/www.leclosdesqueyries.com\/wp-content\/uploads\/2020\/06\/cropped-Logo-LeClosQueyries-2018-2-3.jpg?fit=2048%2C934&ssl=1","width":2048,"height":934,"caption":"Le Clos des Queyries"},"image":{"@id":"https:\/\/www.leclosdesqueyries.com\/#\/schema\/logo\/image\/"}}]}},"jetpack_sharing_enabled":true,"_links":{"self":[{"href":"https:\/\/www.leclosdesqueyries.com\/en\/wp-json\/wp\/v2\/pages\/920","targetHints":{"allow":["GET"]}}],"collection":[{"href":"https:\/\/www.leclosdesqueyries.com\/en\/wp-json\/wp\/v2\/pages"}],"about":[{"href":"https:\/\/www.leclosdesqueyries.com\/en\/wp-json\/wp\/v2\/types\/page"}],"author":[{"embeddable":true,"href":"https:\/\/www.leclosdesqueyries.com\/en\/wp-json\/wp\/v2\/users\/1"}],"replies":[{"embeddable":true,"href":"https:\/\/www.leclosdesqueyries.com\/en\/wp-json\/wp\/v2\/comments?post=920"}],"version-history":[{"count":51,"href":"https:\/\/www.leclosdesqueyries.com\/en\/wp-json\/wp\/v2\/pages\/920\/revisions"}],"predecessor-version":[{"id":1372,"href":"https:\/\/www.leclosdesqueyries.com\/en\/wp-json\/wp\/v2\/pages\/920\/revisions\/1372"}],"wp:attachment":[{"href":"https:\/\/www.leclosdesqueyries.com\/en\/wp-json\/wp\/v2\/media?parent=920"}],"curies":[{"name":"wp","href":"https:\/\/api.w.org\/{rel}","templated":true}]}}