{"id":203,"date":"2018-06-25T12:15:44","date_gmt":"2018-06-25T12:15:44","guid":{"rendered":"http:\/\/demo.athemes.com\/atu-agency\/?page_id=4"},"modified":"2026-04-29T16:45:06","modified_gmt":"2026-04-29T14:45:06","slug":"home","status":"publish","type":"page","link":"https:\/\/www.leclosdesqueyries.com\/es\/","title":{"rendered":"Le Clos des Queyries"},"content":{"rendered":"\n<div style=\"height:50px\" aria-hidden=\"true\" class=\"wp-block-spacer\"><\/div>\n\n\n\n<figure class=\"wp-block-video alignfull banner-fullwidth\"><video autoplay loop muted poster=\"https:\/\/www.leclosdesqueyries.com\/wp-content\/uploads\/2020\/06\/12-min-1.jpg\" preload=\"auto\" src=\"https:\/\/www.leclosdesqueyries.com\/wp-content\/uploads\/2025\/07\/compressed-LE_CLOS_DES_QUEYRIES_GLOBAL_2025.mp4\" playsinline><\/video><\/figure>\n\n\n\n<hr class=\"wp-block-separator has-css-opacity is-style-default\"\/>\n\n\n\n<div class=\"wp-block-group\"><div class=\"wp-block-group__inner-container is-layout-flow wp-block-group-is-layout-flow\">\n<h2 class=\"wp-block-heading has-text-align-center\"><strong><span style=\"color:#801c1f\" class=\"has-inline-color\">Le Clos des Queyries<\/span><\/strong><\/h2>\n\n\n\n<h3 class=\"wp-block-heading has-text-align-left\"><strong><span style=\"color:#801c1f\" class=\"has-inline-color\">Una casa de hu\u00e9spedes&#8230;<\/span><\/strong><\/h3>\n\n\n\n<div class=\"wp-block-getwid-section alignwide alignwide\"><div class=\"wp-block-getwid-section__wrapper\"><div class=\"wp-block-getwid-section__inner-wrapper\"><div class=\"wp-block-getwid-section__background-holder\"><div class=\"wp-block-getwid-section__background\"><\/div><div class=\"wp-block-getwid-section__foreground\"><\/div><\/div><div class=\"wp-block-getwid-section__content\"><div class=\"wp-block-getwid-section__inner-content\">\n<div class=\"wp-block-media-text alignwide has-media-on-the-right is-stacked-on-mobile is-vertically-aligned-center\"><div class=\"wp-block-media-text__content\">\n<blockquote class=\"wp-block-quote is-style-large is-layout-flow wp-block-quote-is-layout-flow\">\n<p>El Clos des Queyries, una casa de hu\u00e9spedes con car\u00e1cter, le da la bienvenida en un castillo girondino a  minutos en tranv\u00eda del centro hist\u00f3rico de Burdeos. La casa ofrece 5 habitaciones con todas las ventajas para disfrutar de un par\u00e9ntesis de tranquilidad en una propriedad excepcional. <\/p>\n<\/blockquote>\n\n\n\n<div class=\"wp-block-buttons is-horizontal is-content-justification-center is-layout-flex wp-container-core-buttons-is-layout-1 wp-block-buttons-is-layout-flex\">\n<div class=\"wp-block-button\"><a class=\"wp-block-button__link has-very-light-gray-color has-text-color has-background no-border-radius wp-element-button\" href=\"https:\/\/www.leclosdesqueyries.com\/es\/les-suites\/\" style=\"background-color:#801c1f\">Descubrir les habitaciones <\/a><\/div>\n<\/div>\n<\/div><figure class=\"wp-block-media-text__media\"><img data-recalc-dims=\"1\" loading=\"lazy\" decoding=\"async\" width=\"980\" height=\"654\" src=\"https:\/\/i0.wp.com\/www.leclosdesqueyries.com\/wp-content\/uploads\/2020\/06\/P1100787-0.jpg?resize=980%2C654&#038;ssl=1\" alt=\"Ch\u00e2teau - Le Clos des Queyries\" class=\"wp-image-248 size-full\" srcset=\"https:\/\/i0.wp.com\/www.leclosdesqueyries.com\/wp-content\/uploads\/2020\/06\/P1100787-0.jpg?resize=1024%2C683&amp;ssl=1 1024w, https:\/\/i0.wp.com\/www.leclosdesqueyries.com\/wp-content\/uploads\/2020\/06\/P1100787-0.jpg?resize=300%2C200&amp;ssl=1 300w, https:\/\/i0.wp.com\/www.leclosdesqueyries.com\/wp-content\/uploads\/2020\/06\/P1100787-0.jpg?resize=768%2C512&amp;ssl=1 768w, https:\/\/i0.wp.com\/www.leclosdesqueyries.com\/wp-content\/uploads\/2020\/06\/P1100787-0.jpg?resize=1536%2C1024&amp;ssl=1 1536w, https:\/\/i0.wp.com\/www.leclosdesqueyries.com\/wp-content\/uploads\/2020\/06\/P1100787-0.jpg?w=2048&amp;ssl=1 2048w, https:\/\/i0.wp.com\/www.leclosdesqueyries.com\/wp-content\/uploads\/2020\/06\/P1100787-0.jpg?w=1960&amp;ssl=1 1960w\" sizes=\"auto, (max-width: 980px) 100vw, 980px\" \/><\/figure><\/div>\n\n\n\n<div style=\"height:50px\" aria-hidden=\"true\" class=\"wp-block-spacer\"><\/div>\n\n\n\n<h3 class=\"wp-block-heading has-text-align-right\"><strong><span style=\"color:#801c1f\" class=\"has-inline-color\">&#8230; una propiedad con car\u00e1cter<\/span><\/strong><\/h3>\n\n\n\n<div class=\"wp-block-media-text alignwide is-stacked-on-mobile is-vertically-aligned-center\"><figure class=\"wp-block-media-text__media\"><img data-recalc-dims=\"1\" loading=\"lazy\" decoding=\"async\" width=\"980\" height=\"654\" src=\"https:\/\/i0.wp.com\/www.leclosdesqueyries.com\/wp-content\/uploads\/2020\/06\/P1090866.jpg?resize=980%2C654&#038;ssl=1\" alt=\"Domaine - Le Clos des Queyries\" class=\"wp-image-247 size-full\" srcset=\"https:\/\/i0.wp.com\/www.leclosdesqueyries.com\/wp-content\/uploads\/2020\/06\/P1090866.jpg?resize=1024%2C683&amp;ssl=1 1024w, https:\/\/i0.wp.com\/www.leclosdesqueyries.com\/wp-content\/uploads\/2020\/06\/P1090866.jpg?resize=300%2C200&amp;ssl=1 300w, https:\/\/i0.wp.com\/www.leclosdesqueyries.com\/wp-content\/uploads\/2020\/06\/P1090866.jpg?resize=768%2C512&amp;ssl=1 768w, https:\/\/i0.wp.com\/www.leclosdesqueyries.com\/wp-content\/uploads\/2020\/06\/P1090866.jpg?resize=1536%2C1025&amp;ssl=1 1536w, https:\/\/i0.wp.com\/www.leclosdesqueyries.com\/wp-content\/uploads\/2020\/06\/P1090866.jpg?w=2048&amp;ssl=1 2048w, https:\/\/i0.wp.com\/www.leclosdesqueyries.com\/wp-content\/uploads\/2020\/06\/P1090866.jpg?w=1960&amp;ssl=1 1960w\" sizes=\"auto, (max-width: 980px) 100vw, 980px\" \/><\/figure><div class=\"wp-block-media-text__content\">\n<blockquote class=\"wp-block-quote is-style-large is-layout-flow wp-block-quote-is-layout-flow\">\n<p>Con su parque de 1200 m\u00b2 arbolado y su estanque ornamental natural, esta encantadora casa de hu\u00e9spedes lo tiene todo para seducir. Los propietarios le recibir\u00e1n en un entorno encantador y singular, con toda la generosidad que les caracteriza. Un entorno excepcional en pleno centro de la ciudad, conocida precisamente como \u00abLa Bella Durmiente\u00bb.<\/p>\n<\/blockquote>\n\n\n\n<div class=\"wp-block-buttons is-horizontal is-content-justification-center is-layout-flex wp-container-core-buttons-is-layout-2 wp-block-buttons-is-layout-flex\">\n<div class=\"wp-block-button\"><a class=\"wp-block-button__link has-very-light-gray-color has-text-color has-background wp-element-button\" href=\"https:\/\/www.leclosdesqueyries.com\/es\/le-domaine\/\" style=\"background-color:#801c1f\">Descubrir el \u00e1mbito<\/a><\/div>\n<\/div>\n<\/div><\/div>\n<\/div><\/div><\/div><\/div><\/div>\n<\/div><\/div>\n\n\n\n<hr class=\"wp-block-separator has-css-opacity\"\/>\n","protected":false},"excerpt":{"rendered":"<p>Le Clos des Queyries Una casa de hu\u00e9spedes&#8230;<\/p>\n","protected":false},"author":1,"featured_media":0,"parent":0,"menu_order":0,"comment_status":"closed","ping_status":"closed","template":"template-fullwidth.php","meta":{"_acf_changed":false,"footnotes":""},"class_list":["post-203","page","type-page","status-publish","hentry"],"acf":[],"yoast_head":"<!-- This site is optimized with the Yoast SEO plugin v25.6 - https:\/\/yoast.com\/wordpress\/plugins\/seo\/ -->\n<title>Le Clos des Queyries - Maison d&#039;h\u00f4tes de caract\u00e8re<\/title>\n<meta name=\"description\" content=\"Le Clos des Queyries, maison d&#039;h\u00f4tes de caract\u00e8re dans un cadre d\u2019exception \u00e0 10min en tramway du centre historique de Bordeaux\" \/>\n<meta name=\"robots\" content=\"index, follow, max-snippet:-1, max-image-preview:large, max-video-preview:-1\" \/>\n<link rel=\"canonical\" href=\"https:\/\/www.leclosdesqueyries.com\/es\/\" \/>\n<meta property=\"og:locale\" content=\"es_ES\" \/>\n<meta property=\"og:locale:alternate\" content=\"fr_FR\" \/>\n<meta property=\"og:locale:alternate\" content=\"en_US\" \/>\n<meta property=\"og:type\" content=\"article\" \/>\n<meta property=\"og:title\" content=\"Le Clos des Queyries - Maison d&#039;h\u00f4tes de caract\u00e8re\" \/>\n<meta property=\"og:description\" content=\"Le Clos des Queyries, maison d&#039;h\u00f4tes de caract\u00e8re dans un cadre d\u2019exception \u00e0 10min en tramway du centre historique de Bordeaux\" \/>\n<meta property=\"og:url\" content=\"https:\/\/www.leclosdesqueyries.com\/es\/\" \/>\n<meta property=\"og:site_name\" content=\"Le Clos des Queyries\" \/>\n<meta property=\"article:modified_time\" content=\"2026-04-29T14:45:06+00:00\" \/>\n<meta property=\"og:image\" content=\"https:\/\/www.leclosdesqueyries.com\/wp-content\/uploads\/2020\/06\/P1100787-0-1024x683.jpg\" \/>\n<meta name=\"twitter:card\" content=\"summary_large_image\" \/>\n<meta name=\"twitter:label1\" content=\"Tiempo de lectura\" \/>\n\t<meta name=\"twitter:data1\" content=\"1 minuto\" \/>\n<script type=\"application\/ld+json\" class=\"yoast-schema-graph\">{\"@context\":\"https:\/\/schema.org\",\"@graph\":[{\"@type\":\"WebPage\",\"@id\":\"https:\/\/www.leclosdesqueyries.com\/es\/\",\"url\":\"https:\/\/www.leclosdesqueyries.com\/\",\"name\":\"Le Clos des Queyries - Maison d'h\u00f4tes de caract\u00e8re\",\"isPartOf\":{\"@id\":\"https:\/\/www.leclosdesqueyries.com\/#website\"},\"primaryImageOfPage\":{\"@id\":\"https:\/\/www.leclosdesqueyries.com\/#primaryimage\"},\"image\":{\"@id\":\"https:\/\/www.leclosdesqueyries.com\/#primaryimage\"},\"thumbnailUrl\":\"https:\/\/www.leclosdesqueyries.com\/wp-content\/uploads\/2020\/06\/P1100787-0-1024x683.jpg\",\"datePublished\":\"2018-06-25T12:15:44+00:00\",\"dateModified\":\"2026-04-29T14:45:06+00:00\",\"description\":\"Le Clos des Queyries, maison d'h\u00f4tes de caract\u00e8re dans un cadre d\u2019exception \u00e0 10min en tramway du centre historique de Bordeaux\",\"inLanguage\":\"es-ES\",\"potentialAction\":[{\"@type\":\"ReadAction\",\"target\":[\"https:\/\/www.leclosdesqueyries.com\/\"]}]},{\"@type\":\"ImageObject\",\"inLanguage\":\"es-ES\",\"@id\":\"https:\/\/www.leclosdesqueyries.com\/#primaryimage\",\"url\":\"https:\/\/www.leclosdesqueyries.com\/wp-content\/uploads\/2020\/06\/P1100787-0-1024x683.jpg\",\"contentUrl\":\"https:\/\/www.leclosdesqueyries.com\/wp-content\/uploads\/2020\/06\/P1100787-0-1024x683.jpg\"},{\"@type\":\"WebSite\",\"@id\":\"https:\/\/www.leclosdesqueyries.com\/#website\",\"url\":\"https:\/\/www.leclosdesqueyries.com\/\",\"name\":\"Le Clos des Queyries\",\"description\":\"\",\"publisher\":{\"@id\":\"https:\/\/www.leclosdesqueyries.com\/#organization\"},\"potentialAction\":[{\"@type\":\"SearchAction\",\"target\":{\"@type\":\"EntryPoint\",\"urlTemplate\":\"https:\/\/www.leclosdesqueyries.com\/?s={search_term_string}\"},\"query-input\":{\"@type\":\"PropertyValueSpecification\",\"valueRequired\":true,\"valueName\":\"search_term_string\"}}],\"inLanguage\":\"es-ES\"},{\"@type\":\"Organization\",\"@id\":\"https:\/\/www.leclosdesqueyries.com\/#organization\",\"name\":\"Le Clos des Queyries\",\"url\":\"https:\/\/www.leclosdesqueyries.com\/\",\"logo\":{\"@type\":\"ImageObject\",\"inLanguage\":\"es-ES\",\"@id\":\"https:\/\/www.leclosdesqueyries.com\/#\/schema\/logo\/image\/\",\"url\":\"https:\/\/i0.wp.com\/www.leclosdesqueyries.com\/wp-content\/uploads\/2020\/06\/cropped-Logo-LeClosQueyries-2018-2-3.jpg?fit=2048%2C934&ssl=1\",\"contentUrl\":\"https:\/\/i0.wp.com\/www.leclosdesqueyries.com\/wp-content\/uploads\/2020\/06\/cropped-Logo-LeClosQueyries-2018-2-3.jpg?fit=2048%2C934&ssl=1\",\"width\":2048,\"height\":934,\"caption\":\"Le Clos des Queyries\"},\"image\":{\"@id\":\"https:\/\/www.leclosdesqueyries.com\/#\/schema\/logo\/image\/\"}}]}<\/script>\n<!-- \/ Yoast SEO plugin. -->","yoast_head_json":{"title":"Le Clos des Queyries - Maison d'h\u00f4tes de caract\u00e8re","description":"Le Clos des Queyries, maison d'h\u00f4tes de caract\u00e8re dans un cadre d\u2019exception \u00e0 10min en tramway du centre historique de Bordeaux","robots":{"index":"index","follow":"follow","max-snippet":"max-snippet:-1","max-image-preview":"max-image-preview:large","max-video-preview":"max-video-preview:-1"},"canonical":"https:\/\/www.leclosdesqueyries.com\/es\/","og_locale":"es_ES","og_type":"article","og_title":"[:fr]Le Clos des Queyries - Maison d'h\u00f4tes de caract\u00e8re[:en]Le Clos des Queyries - Charming 18th century castle guest house[:]","og_description":"[:fr]Le Clos des Queyries, maison d'h\u00f4tes de caract\u00e8re dans un cadre d\u2019exception \u00e0 10min en tramway du centre historique de Bordeaux[:en]Le Clos des Queyries, charming guest house with exceptional and atypical decor at 10 min in tramway from the historic center of Bordeaux[:]","og_url":"https:\/\/www.leclosdesqueyries.com\/es\/","og_site_name":"Le Clos des Queyries","article_modified_time":"2026-04-29T14:45:06+00:00","og_image":[{"url":"https:\/\/www.leclosdesqueyries.com\/wp-content\/uploads\/2020\/06\/P1100787-0-1024x683.jpg","type":"","width":"","height":""}],"twitter_card":"summary_large_image","twitter_misc":{"Tiempo de lectura":"1 minuto"},"schema":{"@context":"https:\/\/schema.org","@graph":[{"@type":"WebPage","@id":"https:\/\/www.leclosdesqueyries.com\/es\/","url":"https:\/\/www.leclosdesqueyries.com\/","name":"Le Clos des Queyries - Maison d'h\u00f4tes de caract\u00e8re","isPartOf":{"@id":"https:\/\/www.leclosdesqueyries.com\/#website"},"primaryImageOfPage":{"@id":"https:\/\/www.leclosdesqueyries.com\/#primaryimage"},"image":{"@id":"https:\/\/www.leclosdesqueyries.com\/#primaryimage"},"thumbnailUrl":"https:\/\/www.leclosdesqueyries.com\/wp-content\/uploads\/2020\/06\/P1100787-0-1024x683.jpg","datePublished":"2018-06-25T12:15:44+00:00","dateModified":"2026-04-29T14:45:06+00:00","description":"Le Clos des Queyries, maison d'h\u00f4tes de caract\u00e8re dans un cadre d\u2019exception \u00e0 10min en tramway du centre historique de Bordeaux","inLanguage":"es-ES","potentialAction":[{"@type":"ReadAction","target":["https:\/\/www.leclosdesqueyries.com\/"]}]},{"@type":"ImageObject","inLanguage":"es-ES","@id":"https:\/\/www.leclosdesqueyries.com\/#primaryimage","url":"https:\/\/www.leclosdesqueyries.com\/wp-content\/uploads\/2020\/06\/P1100787-0-1024x683.jpg","contentUrl":"https:\/\/www.leclosdesqueyries.com\/wp-content\/uploads\/2020\/06\/P1100787-0-1024x683.jpg"},{"@type":"WebSite","@id":"https:\/\/www.leclosdesqueyries.com\/#website","url":"https:\/\/www.leclosdesqueyries.com\/","name":"Le Clos des Queyries","description":"","publisher":{"@id":"https:\/\/www.leclosdesqueyries.com\/#organization"},"potentialAction":[{"@type":"SearchAction","target":{"@type":"EntryPoint","urlTemplate":"https:\/\/www.leclosdesqueyries.com\/?s={search_term_string}"},"query-input":{"@type":"PropertyValueSpecification","valueRequired":true,"valueName":"search_term_string"}}],"inLanguage":"es-ES"},{"@type":"Organization","@id":"https:\/\/www.leclosdesqueyries.com\/#organization","name":"Le Clos des Queyries","url":"https:\/\/www.leclosdesqueyries.com\/","logo":{"@type":"ImageObject","inLanguage":"es-ES","@id":"https:\/\/www.leclosdesqueyries.com\/#\/schema\/logo\/image\/","url":"https:\/\/i0.wp.com\/www.leclosdesqueyries.com\/wp-content\/uploads\/2020\/06\/cropped-Logo-LeClosQueyries-2018-2-3.jpg?fit=2048%2C934&ssl=1","contentUrl":"https:\/\/i0.wp.com\/www.leclosdesqueyries.com\/wp-content\/uploads\/2020\/06\/cropped-Logo-LeClosQueyries-2018-2-3.jpg?fit=2048%2C934&ssl=1","width":2048,"height":934,"caption":"Le Clos des Queyries"},"image":{"@id":"https:\/\/www.leclosdesqueyries.com\/#\/schema\/logo\/image\/"}}]}},"jetpack_sharing_enabled":true,"_links":{"self":[{"href":"https:\/\/www.leclosdesqueyries.com\/es\/wp-json\/wp\/v2\/pages\/203","targetHints":{"allow":["GET"]}}],"collection":[{"href":"https:\/\/www.leclosdesqueyries.com\/es\/wp-json\/wp\/v2\/pages"}],"about":[{"href":"https:\/\/www.leclosdesqueyries.com\/es\/wp-json\/wp\/v2\/types\/page"}],"author":[{"embeddable":true,"href":"https:\/\/www.leclosdesqueyries.com\/es\/wp-json\/wp\/v2\/users\/1"}],"replies":[{"embeddable":true,"href":"https:\/\/www.leclosdesqueyries.com\/es\/wp-json\/wp\/v2\/comments?post=203"}],"version-history":[{"count":104,"href":"https:\/\/www.leclosdesqueyries.com\/es\/wp-json\/wp\/v2\/pages\/203\/revisions"}],"predecessor-version":[{"id":1399,"href":"https:\/\/www.leclosdesqueyries.com\/es\/wp-json\/wp\/v2\/pages\/203\/revisions\/1399"}],"wp:attachment":[{"href":"https:\/\/www.leclosdesqueyries.com\/es\/wp-json\/wp\/v2\/media?parent=203"}],"curies":[{"name":"wp","href":"https:\/\/api.w.org\/{rel}","templated":true}]}}