{"id":238,"date":"2020-06-10T22:42:36","date_gmt":"2020-06-10T20:42:36","guid":{"rendered":"http:\/\/pp.lcq.ernouf.fr\/?page_id=238"},"modified":"2026-04-29T16:29:01","modified_gmt":"2026-04-29T14:29:01","slug":"les-suites","status":"publish","type":"page","link":"https:\/\/www.leclosdesqueyries.com\/es\/les-suites\/","title":{"rendered":"Las habitaci\u00f3nes"},"content":{"rendered":"\n<div class=\"wp-block-cover alignfull has-parallax\" style=\"min-height:600px;aspect-ratio:unset;\"><span aria-hidden=\"true\" class=\"wp-block-cover__background has-background-dim-60 has-background-dim\"><\/span><div class=\"wp-block-cover__image-background wp-image-240 has-parallax\" style=\"background-position:50% 50%;background-image:url(https:\/\/www.leclosdesqueyries.com\/wp-content\/uploads\/2020\/06\/P1090897.jpg)\"><\/div><div class=\"wp-block-cover__inner-container is-layout-flow wp-block-cover-is-layout-flow\">\n<p class=\"has-text-align-center has-huge-font-size\">Aquitaine &#038; Dijeaux<\/p>\n\n\n\n<p class=\"has-text-align-center has-medium-font-size\">Las habitaci\u00f3nes Aquitaine y Dijeaux cuentan con una elegante decoraci\u00f3n que garantizar\u00e1 una visita inolvidable<\/p>\n\n\n\n<div class=\"wp-block-buttons is-content-justification-center is-layout-flex wp-container-core-buttons-is-layout-1 wp-block-buttons-is-layout-flex\">\n<div class=\"wp-block-button is-style-fill\"><a class=\"wp-block-button__link has-very-light-gray-color has-text-color has-background wp-element-button\" href=\"https:\/\/www.leclosdesqueyries.com\/es\/les-suites\/aquitaine\/\" style=\"background-color:#801c1f\">Descubrir la habitaci\u00f3n Aquitaine<\/a><\/div>\n\n\n\n<div class=\"wp-block-button\"><a class=\"wp-block-button__link has-very-light-gray-color has-text-color has-background wp-element-button\" href=\"https:\/\/www.leclosdesqueyries.com\/es\/les-suites\/dijeaux\/\" style=\"background-color:#801c1f\">Descubrir la habitaci\u00f3n Dijeaux<\/a><\/div>\n<\/div>\n\n\n\n<p><\/p>\n<\/div><\/div>\n\n\n\n<div class=\"wp-block-cover alignfull has-parallax\" style=\"min-height:600px;aspect-ratio:unset;\"><span aria-hidden=\"true\" class=\"wp-block-cover__background has-background-dim-60 has-background-dim\"><\/span><div class=\"wp-block-cover__image-background wp-image-241 has-parallax\" style=\"background-position:50% 50%;background-image:url(https:\/\/www.leclosdesqueyries.com\/wp-content\/uploads\/2020\/06\/P1100838-0.jpg)\"><\/div><div class=\"wp-block-cover__inner-container is-layout-flow wp-block-cover-is-layout-flow\">\n<p class=\"has-text-align-center has-huge-font-size\">Salini\u00e8res &#038; Cailhau<\/p>\n\n\n\n<p class=\"has-text-align-center has-medium-font-size\">Las habitaci\u00f3nes Salini\u00e8res y Cailhau ofrecen una experiencia agradable con un estilo moderno y tipo loft<\/p>\n\n\n\n<div class=\"wp-block-buttons is-content-justification-center is-layout-flex wp-container-core-buttons-is-layout-2 wp-block-buttons-is-layout-flex\">\n<div class=\"wp-block-button\"><a class=\"wp-block-button__link has-very-light-gray-color has-text-color has-background wp-element-button\" href=\"https:\/\/www.leclosdesqueyries.com\/es\/les-suites\/salinieres\/\" style=\"background-color:#801c1f\">Descubrir la habitaci\u00f3n Salini\u00e8res<\/a><\/div>\n\n\n\n<div class=\"wp-block-button\"><a class=\"wp-block-button__link has-very-light-gray-color has-text-color has-background wp-element-button\" href=\"https:\/\/www.leclosdesqueyries.com\/es\/les-suites\/cailhau\/\" style=\"background-color:#801c1f\">Descubrir la habitaci\u00f3n Cailhau<\/a><\/div>\n<\/div>\n\n\n\n<p><\/p>\n<\/div><\/div>\n\n\n\n<div class=\"wp-block-cover alignfull has-parallax\" style=\"min-height:600px;aspect-ratio:unset;\"><span aria-hidden=\"true\" class=\"wp-block-cover__background has-background-dim-60 has-background-dim\"><\/span><div class=\"wp-block-cover__image-background wp-image-1061 has-parallax\" style=\"background-position:50% 50%;background-image:url(https:\/\/www.leclosdesqueyries.com\/wp-content\/uploads\/2023\/03\/IMG_9937-scaled.jpg)\"><\/div><div class=\"wp-block-cover__inner-container is-layout-flow wp-block-cover-is-layout-flow\">\n<p class=\"has-text-align-center has-huge-font-size\">Saint Eloi<\/p>\n\n\n\n<p class=\"has-text-align-center has-medium-font-size\">Disfruta de una escapada rom\u00e1ntica en la habitaci\u00f3n d\u00faplex Saint Eloi<\/p>\n\n\n\n<div class=\"wp-block-buttons is-content-justification-center is-layout-flex wp-container-core-buttons-is-layout-3 wp-block-buttons-is-layout-flex\">\n<div class=\"wp-block-button\"><a class=\"wp-block-button__link has-very-light-gray-color has-text-color has-background wp-element-button\" href=\"https:\/\/www.leclosdesqueyries.com\/es\/les-suites\/saint-eloi\" style=\"background-color:#801c1f\">Descubrir la habitaci\u00f3n Saint Eloi<\/a><\/div>\n<\/div>\n\n\n\n<p><\/p>\n<\/div><\/div>\n\n\n\n<p><\/p>\n","protected":false},"excerpt":{"rendered":"","protected":false},"author":1,"featured_media":0,"parent":0,"menu_order":0,"comment_status":"closed","ping_status":"closed","template":"template-fullwidth.php","meta":{"_acf_changed":false,"footnotes":""},"class_list":["post-238","page","type-page","status-publish","hentry"],"acf":[],"yoast_head":"<!-- This site is optimized with the Yoast SEO plugin v25.6 - https:\/\/yoast.com\/wordpress\/plugins\/seo\/ -->\n<title>Las habitaci\u00f3nes<\/title>\n<meta name=\"description\" content=\"Le Clos des Queyries, maison d\u2019h\u00f4tes de caract\u00e8re, vous propose 4 suites dans un ch\u00e2teau girondin \u00e0 seulement deux pas du centre historique de Bordeaux\" \/>\n<meta name=\"robots\" content=\"index, follow, max-snippet:-1, max-image-preview:large, max-video-preview:-1\" \/>\n<link rel=\"canonical\" href=\"https:\/\/www.leclosdesqueyries.com\/es\/les-suites\/\" \/>\n<meta property=\"og:locale\" content=\"es_ES\" \/>\n<meta property=\"og:locale:alternate\" content=\"fr_FR\" \/>\n<meta property=\"og:locale:alternate\" content=\"en_US\" \/>\n<meta property=\"og:type\" content=\"article\" \/>\n<meta property=\"og:title\" content=\"Las habitaci\u00f3nes\" \/>\n<meta property=\"og:description\" content=\"Le Clos des Queyries, maison d\u2019h\u00f4tes de caract\u00e8re, vous propose 4 suites dans un ch\u00e2teau girondin \u00e0 seulement deux pas du centre historique de Bordeaux\" \/>\n<meta property=\"og:url\" content=\"https:\/\/www.leclosdesqueyries.com\/es\/les-suites\/\" \/>\n<meta property=\"og:site_name\" content=\"Le Clos des Queyries\" \/>\n<meta property=\"article:modified_time\" content=\"2026-04-29T14:29:01+00:00\" \/>\n<meta name=\"twitter:card\" content=\"summary_large_image\" \/>\n<meta name=\"twitter:label1\" content=\"Tiempo de lectura\" \/>\n\t<meta name=\"twitter:data1\" content=\"1 minuto\" \/>\n<script type=\"application\/ld+json\" class=\"yoast-schema-graph\">{\"@context\":\"https:\/\/schema.org\",\"@graph\":[{\"@type\":\"WebPage\",\"@id\":\"https:\/\/www.leclosdesqueyries.com\/es\/les-suites\/\",\"url\":\"https:\/\/www.leclosdesqueyries.com\/es\/les-suites\/\",\"name\":\"Las habitaci\u00f3nes\",\"isPartOf\":{\"@id\":\"https:\/\/www.leclosdesqueyries.com\/#website\"},\"datePublished\":\"2020-06-10T20:42:36+00:00\",\"dateModified\":\"2026-04-29T14:29:01+00:00\",\"description\":\"Le Clos des Queyries, maison d\u2019h\u00f4tes de caract\u00e8re, vous propose 4 suites dans un ch\u00e2teau girondin \u00e0 seulement deux pas du centre historique de Bordeaux\",\"inLanguage\":\"es-ES\",\"potentialAction\":[{\"@type\":\"ReadAction\",\"target\":[\"https:\/\/www.leclosdesqueyries.com\/es\/les-suites\/\"]}]},{\"@type\":\"WebSite\",\"@id\":\"https:\/\/www.leclosdesqueyries.com\/#website\",\"url\":\"https:\/\/www.leclosdesqueyries.com\/\",\"name\":\"Le Clos des Queyries\",\"description\":\"\",\"publisher\":{\"@id\":\"https:\/\/www.leclosdesqueyries.com\/#organization\"},\"potentialAction\":[{\"@type\":\"SearchAction\",\"target\":{\"@type\":\"EntryPoint\",\"urlTemplate\":\"https:\/\/www.leclosdesqueyries.com\/?s={search_term_string}\"},\"query-input\":{\"@type\":\"PropertyValueSpecification\",\"valueRequired\":true,\"valueName\":\"search_term_string\"}}],\"inLanguage\":\"es-ES\"},{\"@type\":\"Organization\",\"@id\":\"https:\/\/www.leclosdesqueyries.com\/#organization\",\"name\":\"Le Clos des Queyries\",\"url\":\"https:\/\/www.leclosdesqueyries.com\/\",\"logo\":{\"@type\":\"ImageObject\",\"inLanguage\":\"es-ES\",\"@id\":\"https:\/\/www.leclosdesqueyries.com\/#\/schema\/logo\/image\/\",\"url\":\"https:\/\/i0.wp.com\/www.leclosdesqueyries.com\/wp-content\/uploads\/2020\/06\/cropped-Logo-LeClosQueyries-2018-2-3.jpg?fit=2048%2C934&ssl=1\",\"contentUrl\":\"https:\/\/i0.wp.com\/www.leclosdesqueyries.com\/wp-content\/uploads\/2020\/06\/cropped-Logo-LeClosQueyries-2018-2-3.jpg?fit=2048%2C934&ssl=1\",\"width\":2048,\"height\":934,\"caption\":\"Le Clos des Queyries\"},\"image\":{\"@id\":\"https:\/\/www.leclosdesqueyries.com\/#\/schema\/logo\/image\/\"}}]}<\/script>\n<!-- \/ Yoast SEO plugin. -->","yoast_head_json":{"title":"Las habitaci\u00f3nes","description":"Le Clos des Queyries, maison d\u2019h\u00f4tes de caract\u00e8re, vous propose 4 suites dans un ch\u00e2teau girondin \u00e0 seulement deux pas du centre historique de Bordeaux","robots":{"index":"index","follow":"follow","max-snippet":"max-snippet:-1","max-image-preview":"max-image-preview:large","max-video-preview":"max-video-preview:-1"},"canonical":"https:\/\/www.leclosdesqueyries.com\/es\/les-suites\/","og_locale":"es_ES","og_type":"article","og_title":"[:fr][:fr]Les suites[:en]The suites[:es]Las habitaci\u00f3nes[:] - Le Clos des Queyries - Maison d'h\u00f4te de caract\u00e8re[:]","og_description":"[:fr]Le Clos des Queyries, maison d\u2019h\u00f4tes de caract\u00e8re, vous propose 4 suites dans un ch\u00e2teau girondin \u00e0 seulement deux pas du centre historique de Bordeaux[:]","og_url":"https:\/\/www.leclosdesqueyries.com\/es\/les-suites\/","og_site_name":"Le Clos des Queyries","article_modified_time":"2026-04-29T14:29:01+00:00","twitter_card":"summary_large_image","twitter_misc":{"Tiempo de lectura":"1 minuto"},"schema":{"@context":"https:\/\/schema.org","@graph":[{"@type":"WebPage","@id":"https:\/\/www.leclosdesqueyries.com\/es\/les-suites\/","url":"https:\/\/www.leclosdesqueyries.com\/es\/les-suites\/","name":"Las habitaci\u00f3nes","isPartOf":{"@id":"https:\/\/www.leclosdesqueyries.com\/#website"},"datePublished":"2020-06-10T20:42:36+00:00","dateModified":"2026-04-29T14:29:01+00:00","description":"Le Clos des Queyries, maison d\u2019h\u00f4tes de caract\u00e8re, vous propose 4 suites dans un ch\u00e2teau girondin \u00e0 seulement deux pas du centre historique de Bordeaux","inLanguage":"es-ES","potentialAction":[{"@type":"ReadAction","target":["https:\/\/www.leclosdesqueyries.com\/es\/les-suites\/"]}]},{"@type":"WebSite","@id":"https:\/\/www.leclosdesqueyries.com\/#website","url":"https:\/\/www.leclosdesqueyries.com\/","name":"Le Clos des Queyries","description":"","publisher":{"@id":"https:\/\/www.leclosdesqueyries.com\/#organization"},"potentialAction":[{"@type":"SearchAction","target":{"@type":"EntryPoint","urlTemplate":"https:\/\/www.leclosdesqueyries.com\/?s={search_term_string}"},"query-input":{"@type":"PropertyValueSpecification","valueRequired":true,"valueName":"search_term_string"}}],"inLanguage":"es-ES"},{"@type":"Organization","@id":"https:\/\/www.leclosdesqueyries.com\/#organization","name":"Le Clos des Queyries","url":"https:\/\/www.leclosdesqueyries.com\/","logo":{"@type":"ImageObject","inLanguage":"es-ES","@id":"https:\/\/www.leclosdesqueyries.com\/#\/schema\/logo\/image\/","url":"https:\/\/i0.wp.com\/www.leclosdesqueyries.com\/wp-content\/uploads\/2020\/06\/cropped-Logo-LeClosQueyries-2018-2-3.jpg?fit=2048%2C934&ssl=1","contentUrl":"https:\/\/i0.wp.com\/www.leclosdesqueyries.com\/wp-content\/uploads\/2020\/06\/cropped-Logo-LeClosQueyries-2018-2-3.jpg?fit=2048%2C934&ssl=1","width":2048,"height":934,"caption":"Le Clos des Queyries"},"image":{"@id":"https:\/\/www.leclosdesqueyries.com\/#\/schema\/logo\/image\/"}}]}},"jetpack_sharing_enabled":true,"_links":{"self":[{"href":"https:\/\/www.leclosdesqueyries.com\/es\/wp-json\/wp\/v2\/pages\/238","targetHints":{"allow":["GET"]}}],"collection":[{"href":"https:\/\/www.leclosdesqueyries.com\/es\/wp-json\/wp\/v2\/pages"}],"about":[{"href":"https:\/\/www.leclosdesqueyries.com\/es\/wp-json\/wp\/v2\/types\/page"}],"author":[{"embeddable":true,"href":"https:\/\/www.leclosdesqueyries.com\/es\/wp-json\/wp\/v2\/users\/1"}],"replies":[{"embeddable":true,"href":"https:\/\/www.leclosdesqueyries.com\/es\/wp-json\/wp\/v2\/comments?post=238"}],"version-history":[{"count":27,"href":"https:\/\/www.leclosdesqueyries.com\/es\/wp-json\/wp\/v2\/pages\/238\/revisions"}],"predecessor-version":[{"id":1382,"href":"https:\/\/www.leclosdesqueyries.com\/es\/wp-json\/wp\/v2\/pages\/238\/revisions\/1382"}],"wp:attachment":[{"href":"https:\/\/www.leclosdesqueyries.com\/es\/wp-json\/wp\/v2\/media?parent=238"}],"curies":[{"name":"wp","href":"https:\/\/api.w.org\/{rel}","templated":true}]}}