{"id":291,"date":"2020-06-10T23:38:56","date_gmt":"2020-06-10T21:38:56","guid":{"rendered":"http:\/\/pp.lcq.ernouf.fr\/?page_id=291"},"modified":"2025-08-10T00:35:44","modified_gmt":"2025-08-09T22:35:44","slug":"partenaires","status":"publish","type":"page","link":"https:\/\/www.leclosdesqueyries.com\/es\/partenaires\/","title":{"rendered":"Nos partenaires"},"content":{"rendered":"\n<div class=\"wp-block-columns is-layout-flex wp-container-core-columns-is-layout-1 wp-block-columns-is-layout-flex\">\n<div class=\"wp-block-column is-layout-flow wp-block-column-is-layout-flow\">\n<h2 class=\"wp-block-heading\"><strong>Labels<\/strong><\/h2>\n\n\n\n<div style=\"text-align:center;\" id=\"fileContent_1019384\"><a href=\"https:\/\/www.petitfute.com\" title=\"Petit Fut\u00e9\"><img data-recalc-dims=\"1\" loading=\"lazy\" decoding=\"async\" src=\"https:\/\/i0.wp.com\/www.petitfute.com\/img\/widget\/logo.jpg?resize=100%2C100&#038;ssl=1\" width=\"100\" height=\"100\" border=\"0\" alt=\"Petit Fut\u00e9\"><\/a><\/div><br>\n\n<script language=\"javascript\" type=\"text\/javascript\" src=\"https:\/\/pro.petitfute.com\/compte\/widget\/etablissement\/1019384\/src\/1\/\"><\/script>\n\n\n\n<figure class=\"wp-block-image size-full\"><a href=\"https:\/\/bordeaux-a-dream.com\/fr\/\"><img data-recalc-dims=\"1\" loading=\"lazy\" decoding=\"async\" width=\"980\" height=\"751\" src=\"https:\/\/i0.wp.com\/www.leclosdesqueyries.com\/wp-content\/uploads\/2023\/03\/Bordeaux_a_dream_logo.png?resize=980%2C751&#038;ssl=1\" alt=\"\" class=\"wp-image-1072\" srcset=\"https:\/\/i0.wp.com\/www.leclosdesqueyries.com\/wp-content\/uploads\/2023\/03\/Bordeaux_a_dream_logo.png?w=1018&amp;ssl=1 1018w, https:\/\/i0.wp.com\/www.leclosdesqueyries.com\/wp-content\/uploads\/2023\/03\/Bordeaux_a_dream_logo.png?resize=300%2C230&amp;ssl=1 300w, https:\/\/i0.wp.com\/www.leclosdesqueyries.com\/wp-content\/uploads\/2023\/03\/Bordeaux_a_dream_logo.png?resize=768%2C588&amp;ssl=1 768w\" sizes=\"auto, (max-width: 980px) 100vw, 980px\" \/><\/a><figcaption class=\"wp-element-caption\">Balades gourmandes \u00e0 Bordeaux<\/figcaption><\/figure>\n<\/div>\n\n\n\n<div class=\"wp-block-column is-layout-flow wp-block-column-is-layout-flow\">\n<h2 class=\"wp-block-heading\"><strong>Transport<\/strong><\/h2>\n\n\n<div class=\"wp-block-image\">\n<figure class=\"aligncenter size-large is-resized\"><img data-recalc-dims=\"1\" loading=\"lazy\" decoding=\"async\" width=\"234\" height=\"221\" src=\"https:\/\/i0.wp.com\/www.leclosdesqueyries.com\/wp-content\/uploads\/2020\/08\/logo-all-in-drive-chauffeur-prive-bordeaux.png?resize=234%2C221&#038;ssl=1\" alt=\"Logo - All in drive\" class=\"wp-image-875\" style=\"width:163px;height:154px\"\/><\/figure><\/div>\n\n\n<p class=\"has-text-align-center\"><strong>All In Drive : Chauffeur priv\u00e9 Bordeaux<\/strong><\/p>\n\n\n\n<p class=\"has-text-align-center\">Site web : <a href=\"https:\/\/all-indrive.fr\/\">https:\/\/all-indrive.fr\/<\/a><br>T\u00e9l\u00e9phone : <a href=\"tel:+33766656599\">07 66 65 65 99<\/a><\/p>\n\n\n\n<p class=\"has-text-align-center\"><strong>Accueil v\u00e9lo<\/strong><\/p>\n\n\n\n<figure class=\"wp-block-image size-large is-resized align-center\"><img data-recalc-dims=\"1\" loading=\"lazy\" decoding=\"async\" width=\"640\" height=\"1024\" src=\"https:\/\/i0.wp.com\/www.leclosdesqueyries.com\/wp-content\/uploads\/2021\/07\/accueil-velo2-640x1024-1.png?resize=640%2C1024&#038;ssl=1\" alt=\"\" class=\"wp-image-987\" style=\"width:160px;height:256px\" srcset=\"https:\/\/i0.wp.com\/www.leclosdesqueyries.com\/wp-content\/uploads\/2021\/07\/accueil-velo2-640x1024-1.png?w=640&amp;ssl=1 640w, https:\/\/i0.wp.com\/www.leclosdesqueyries.com\/wp-content\/uploads\/2021\/07\/accueil-velo2-640x1024-1.png?resize=188%2C300&amp;ssl=1 188w\" sizes=\"auto, (max-width: 640px) 100vw, 640px\" \/><\/figure>\n<\/div>\n<\/div>\n\n\n\n<div class=\"wp-block-columns is-layout-flex wp-container-core-columns-is-layout-2 wp-block-columns-is-layout-flex\">\n<div class=\"wp-block-column is-layout-flow wp-block-column-is-layout-flow\">\n<p><strong>Linge de maison pour h\u00f4tel<\/strong><\/p>\n\n\n<div class=\"wp-block-image\">\n<figure class=\"alignleft size-large is-resized\"><a href=\"https:\/\/www.linvosges-hotellerie.fr\/\" target=\"_blank\" rel=\"noopener\"><img data-recalc-dims=\"1\" loading=\"lazy\" decoding=\"async\" width=\"980\" height=\"330\" src=\"https:\/\/i0.wp.com\/www.leclosdesqueyries.com\/wp-content\/uploads\/2022\/05\/LOGO-LINVOSGES-B2B-2020-noir-baseline4-e1652355429348-1024x345.png?resize=980%2C330&#038;ssl=1\" alt=\"\" class=\"wp-image-1023\" style=\"width:171px;height:57px\" srcset=\"https:\/\/i0.wp.com\/www.leclosdesqueyries.com\/wp-content\/uploads\/2022\/05\/LOGO-LINVOSGES-B2B-2020-noir-baseline4-e1652355429348.png?resize=1024%2C345&amp;ssl=1 1024w, https:\/\/i0.wp.com\/www.leclosdesqueyries.com\/wp-content\/uploads\/2022\/05\/LOGO-LINVOSGES-B2B-2020-noir-baseline4-e1652355429348.png?resize=300%2C101&amp;ssl=1 300w, https:\/\/i0.wp.com\/www.leclosdesqueyries.com\/wp-content\/uploads\/2022\/05\/LOGO-LINVOSGES-B2B-2020-noir-baseline4-e1652355429348.png?resize=768%2C259&amp;ssl=1 768w, https:\/\/i0.wp.com\/www.leclosdesqueyries.com\/wp-content\/uploads\/2022\/05\/LOGO-LINVOSGES-B2B-2020-noir-baseline4-e1652355429348.png?w=1400&amp;ssl=1 1400w\" sizes=\"auto, (max-width: 980px) 100vw, 980px\" \/><\/a><figcaption class=\"wp-element-caption\"><a href=\"https:\/\/www.linvosges-hotellerie.fr\/\" target=\"_blank\" rel=\"noreferrer noopener\">Linvosges Hotellerie<\/a><\/figcaption><\/figure><\/div><\/div>\n<\/div>\n\n\n\n<hr class=\"wp-block-separator has-css-opacity\"\/>\n\n\n\n<h2 class=\"wp-block-heading has-text-align-center\"><strong>R\u00e9alisations<\/strong><\/h2>\n\n\n<div class=\"wp-block-image limit-300\">\n<figure class=\"aligncenter size-large is-resized\"><img data-recalc-dims=\"1\" loading=\"lazy\" decoding=\"async\" width=\"748\" height=\"198\" src=\"https:\/\/i0.wp.com\/www.leclosdesqueyries.com\/wp-content\/uploads\/2020\/08\/d064bfc9d686fdcbb701db1d1f6b3fe8.png?resize=748%2C198&#038;ssl=1\" alt=\"Logo Joanna Hubert\" class=\"wp-image-486\" style=\"width:374px;height:99px\" srcset=\"https:\/\/i0.wp.com\/www.leclosdesqueyries.com\/wp-content\/uploads\/2020\/08\/d064bfc9d686fdcbb701db1d1f6b3fe8.png?w=748&amp;ssl=1 748w, https:\/\/i0.wp.com\/www.leclosdesqueyries.com\/wp-content\/uploads\/2020\/08\/d064bfc9d686fdcbb701db1d1f6b3fe8.png?resize=300%2C79&amp;ssl=1 300w\" sizes=\"auto, (max-width: 748px) 100vw, 748px\" \/><\/figure><\/div>\n\n\n<p class=\"has-text-align-center\"><strong>Architecte Paysagiste : Joanna Hubert<br><br><\/strong>Site web :&nbsp;<a href=\"http:\/\/joanna-hubert.fr\/\" target=\"_blank\" rel=\"noreferrer noopener\">http:\/\/joanna-hubert.fr\/<\/a><\/p>\n\n\n\n<hr class=\"wp-block-separator has-css-opacity\"\/>\n\n\n\n<div style=\"display: flex; flex-direction: column; align-items: center; justify-content: center;\">\n<div style=\"width: 150px;\">\n<svg xmlns=\"http:\/\/www.w3.org\/2000\/svg\" viewBox=\"0 0 1920 550\">\n    <path d=\"M213.95 432.45c-31.81 0-60.5-5.4-86.07-16.19-25.57-10.8-47.44-25.65-65.62-44.6-18.18-18.93-32.2-40.9-42.04-65.9-9.85-25-14.77-51.7-14.77-80.11s4.92-55.01 14.77-79.82c9.84-24.8 23.86-46.67 42.04-65.62 18.18-18.93 40.05-33.71 65.62-44.31 25.57-10.6 54.26-15.91 86.07-15.91s60.5 5.31 86.07 15.91c25.57 10.61 47.44 25.38 65.62 44.31 18.18 18.94 32.19 40.82 42.04 65.62 9.84 24.81 14.77 51.41 14.77 79.82s-4.93 55.11-14.77 80.11c-9.85 25-23.86 46.97-42.04 65.9-18.18 18.94-40.05 33.8-65.62 44.6-25.57 10.79-54.26 16.19-86.07 16.19Zm0-72.15c18.18 0 35.03-3.31 50.56-9.94 15.53-6.62 29.06-16.09 40.62-28.41 11.55-12.3 20.45-26.6 26.7-42.89 6.25-16.28 9.37-34.09 9.37-53.4s-3.12-37.11-9.37-53.4c-6.25-16.28-15.15-30.48-26.7-42.61-11.56-12.12-25.09-21.49-40.62-28.12-15.53-6.62-32.38-9.94-50.56-9.94s-35.04 3.32-50.56 9.94c-15.53 6.63-29.07 16-40.62 28.12-11.56 12.13-20.45 26.33-26.7 42.61-6.25 16.29-9.37 34.09-9.37 53.4s3.12 37.12 9.37 53.4c6.25 16.29 15.14 30.59 26.7 42.89 11.55 12.31 25.09 21.78 40.62 28.41 15.53 6.63 32.38 9.94 50.56 9.94Zm-40.34 180.09V419.38h80.67v121.01h-80.67ZM615.61 431.88c-29.92 0-56.63-6.73-80.1-20.17-23.49-13.44-42.04-31.62-55.68-54.54-13.63-22.91-20.45-48.57-20.45-76.98s6.82-54.06 20.45-76.98c13.63-22.91 32.19-41.09 55.68-54.54 23.48-13.44 50.18-20.17 80.1-20.17s56.62 6.73 80.1 20.17c23.48 13.45 42.04 31.63 55.68 54.54 13.63 22.92 20.45 48.57 20.45 76.98s-6.82 54.07-20.45 76.98c-13.63 22.92-32.2 41.1-55.68 54.54-23.49 13.44-50.19 20.17-80.1 20.17Zm0-66.47c15.91 0 29.63-3.78 41.19-11.36 11.55-7.57 20.45-17.8 26.7-30.68 6.25-12.87 9.37-27.27 9.37-43.18s-3.12-30.3-9.37-43.18c-6.25-12.87-15.15-23.1-26.7-30.68-11.56-7.57-25.28-11.36-41.19-11.36s-29.64 3.79-41.19 11.36c-11.56 7.58-20.45 17.81-26.7 30.68-6.25 12.88-9.37 27.27-9.37 43.18s3.12 30.31 9.37 43.18c6.25 12.88 15.14 23.11 26.7 30.68 11.55 7.58 25.28 11.36 41.19 11.36Z\n    M911.03 431.88c-29.92 0-56.63-6.73-80.1-20.17-23.49-13.44-42.04-31.62-55.68-54.54-13.63-22.91-20.45-48.57-20.45-76.98s6.82-54.06 20.45-76.98c13.63-22.91 32.19-41.09 55.68-54.54 23.48-13.44 50.18-20.17 80.1-20.17s56.62 6.73 80.1 20.17c23.48 13.45 42.04 31.63 55.68 54.54 13.63 22.92 20.45 48.57 20.45 76.98s-6.82 54.07-20.45 76.98c-13.63 22.92-32.2 41.1-55.68 54.54-23.49 13.44-50.19 20.17-80.1 20.17Zm0-66.47c15.91 0 29.63-3.78 41.19-11.36 11.55-7.57 20.45-17.8 26.7-30.68 6.25-12.87 9.37-27.27 9.37-43.18s-3.12-30.3-9.37-43.18c-6.25-12.87-15.15-23.1-26.7-30.68-11.56-7.57-25.28-11.36-41.19-11.36s-29.64 3.79-41.19 11.36c-11.56 7.58-20.45 17.81-26.7 30.68-6.25 12.88-9.37 27.27-9.37 43.18s3.12 30.31 9.37 43.18c6.25 12.88 15.14 23.11 26.7 30.68 11.55 7.58 25.28 11.36 41.19 11.36ZM1124.07 425.06V10.34h77.83v414.72h-77.83ZM1379.15 540.39V427.9c-21.97-4.55-40.62-12.87-55.96-25-15.34-12.12-27.08-26.99-35.22-44.6-8.15-17.61-12.21-36.45-12.21-56.53V135.32h77.83v166.46c0 11.74 2.84 22.44 8.52 32.1s13.35 17.33 23.01 23.01c9.66 5.68 20.36 8.52 32.1 8.52s22.44-2.84 32.1-8.52 17.33-13.35 23.01-23.01c5.68-9.66 8.52-20.36 8.52-32.1V135.32h77.83v166.46c0 20.08-3.98 38.73-11.93 55.96-7.95 17.24-19.51 32.01-34.66 44.31-15.15 12.31-33.52 20.74-55.11 25.28v113.06h-77.83ZM1632.53 425.06V258.6c0-23.86 5.58-45.64 16.76-65.33 11.17-19.69 27.36-35.41 48.57-47.15 21.21-11.73 46.59-17.61 76.13-17.61s55.39 5.88 76.41 17.61c21.02 11.74 37.11 27.47 48.29 47.15 11.17 19.7 16.76 41.47 16.76 65.33v166.46h-77.83V258.6c0-11.74-2.84-22.44-8.52-32.1s-13.35-17.33-23.01-23.01c-9.66-5.68-20.36-8.52-32.1-8.52s-22.44 2.84-32.1 8.52-17.33 13.35-23.01 23.01c-5.68 9.66-8.52 20.36-8.52 32.1v166.46h-77.83Z\"\/>\n<\/svg>\n<\/div>\n<p class=\"has-text-align-center\"><strong>Site web \u201cLe Clos des Queyries\u201d : Qoolyn<br>\u00a0<\/strong><\/p>\n<p class=\"has-text-align-center\">Site web : <a href=\"https:\/\/www.qoolyn.com\" target=\"_blank\">https:\/\/www.qoolyn.com<\/a><\/p>\n<\/div>\n","protected":false},"excerpt":{"rendered":"<p>Labels Transport All In Drive : Chauffeur priv\u00e9 Bordeaux Site web : https:\/\/all-indrive.fr\/T\u00e9l\u00e9phone : 07 66 65 65 99 Accueil v\u00e9lo Linge de maison pour h\u00f4tel R\u00e9alisations Architecte Paysagiste : Joanna Hubert Site web :&nbsp;http:\/\/joanna-hubert.fr\/ Site web \u201cLe Clos des Queyries\u201d : Qoolyn\u00a0 Site web : https:\/\/www.qoolyn.com<\/p>\n","protected":false},"author":1,"featured_media":0,"parent":0,"menu_order":0,"comment_status":"closed","ping_status":"closed","template":"template-fullwidth.php","meta":{"_acf_changed":false,"footnotes":""},"class_list":["post-291","page","type-page","status-publish","hentry"],"acf":[],"yoast_head":"<!-- This site is optimized with the Yoast SEO plugin v25.6 - https:\/\/yoast.com\/wordpress\/plugins\/seo\/ -->\n<title>Nos partenaires<\/title>\n<meta name=\"robots\" content=\"index, follow, max-snippet:-1, max-image-preview:large, max-video-preview:-1\" \/>\n<link rel=\"canonical\" href=\"https:\/\/www.leclosdesqueyries.com\/es\/partenaires\/\" \/>\n<meta property=\"og:locale\" content=\"es_ES\" \/>\n<meta property=\"og:locale:alternate\" content=\"fr_FR\" \/>\n<meta property=\"og:locale:alternate\" content=\"en_US\" \/>\n<meta property=\"og:type\" content=\"article\" \/>\n<meta property=\"og:title\" content=\"Nos partenaires\" \/>\n<meta property=\"og:description\" content=\"Labels Transport All In Drive : Chauffeur priv\u00e9 Bordeaux Site web : https:\/\/all-indrive.fr\/T\u00e9l\u00e9phone : 07 66 65 65 99 Accueil v\u00e9lo Linge de maison pour h\u00f4tel R\u00e9alisations Architecte Paysagiste : Joanna Hubert Site web :&nbsp;http:\/\/joanna-hubert.fr\/ Site web \u201cLe Clos des Queyries\u201d : Qoolyn\u00a0 Site web : https:\/\/www.qoolyn.com\" \/>\n<meta property=\"og:url\" content=\"https:\/\/www.leclosdesqueyries.com\/es\/partenaires\/\" \/>\n<meta property=\"og:site_name\" content=\"Le Clos des Queyries\" \/>\n<meta property=\"article:modified_time\" content=\"2025-08-09T22:35:44+00:00\" \/>\n<meta property=\"og:image\" content=\"https:\/\/www.petitfute.com\/img\/widget\/logo.jpg\" \/>\n<meta name=\"twitter:card\" content=\"summary_large_image\" \/>\n<meta name=\"twitter:label1\" content=\"Tiempo de lectura\" \/>\n\t<meta name=\"twitter:data1\" content=\"2 minutos\" \/>\n<script type=\"application\/ld+json\" class=\"yoast-schema-graph\">{\"@context\":\"https:\/\/schema.org\",\"@graph\":[{\"@type\":\"WebPage\",\"@id\":\"https:\/\/www.leclosdesqueyries.com\/en\/partenaires\/\",\"url\":\"https:\/\/www.leclosdesqueyries.com\/en\/partenaires\/\",\"name\":\"Nos partenaires\",\"isPartOf\":{\"@id\":\"https:\/\/www.leclosdesqueyries.com\/#website\"},\"primaryImageOfPage\":{\"@id\":\"https:\/\/www.leclosdesqueyries.com\/en\/partenaires\/#primaryimage\"},\"image\":{\"@id\":\"https:\/\/www.leclosdesqueyries.com\/en\/partenaires\/#primaryimage\"},\"thumbnailUrl\":\"https:\/\/www.petitfute.com\/img\/widget\/logo.jpg\",\"datePublished\":\"2020-06-10T21:38:56+00:00\",\"dateModified\":\"2025-08-09T22:35:44+00:00\",\"inLanguage\":\"es-ES\",\"potentialAction\":[{\"@type\":\"ReadAction\",\"target\":[\"https:\/\/www.leclosdesqueyries.com\/en\/partenaires\/\"]}]},{\"@type\":\"ImageObject\",\"inLanguage\":\"es-ES\",\"@id\":\"https:\/\/www.leclosdesqueyries.com\/en\/partenaires\/#primaryimage\",\"url\":\"https:\/\/www.petitfute.com\/img\/widget\/logo.jpg\",\"contentUrl\":\"https:\/\/www.petitfute.com\/img\/widget\/logo.jpg\"},{\"@type\":\"WebSite\",\"@id\":\"https:\/\/www.leclosdesqueyries.com\/#website\",\"url\":\"https:\/\/www.leclosdesqueyries.com\/\",\"name\":\"Le Clos des Queyries\",\"description\":\"\",\"publisher\":{\"@id\":\"https:\/\/www.leclosdesqueyries.com\/#organization\"},\"potentialAction\":[{\"@type\":\"SearchAction\",\"target\":{\"@type\":\"EntryPoint\",\"urlTemplate\":\"https:\/\/www.leclosdesqueyries.com\/?s={search_term_string}\"},\"query-input\":{\"@type\":\"PropertyValueSpecification\",\"valueRequired\":true,\"valueName\":\"search_term_string\"}}],\"inLanguage\":\"es-ES\"},{\"@type\":\"Organization\",\"@id\":\"https:\/\/www.leclosdesqueyries.com\/#organization\",\"name\":\"Le Clos des Queyries\",\"url\":\"https:\/\/www.leclosdesqueyries.com\/\",\"logo\":{\"@type\":\"ImageObject\",\"inLanguage\":\"es-ES\",\"@id\":\"https:\/\/www.leclosdesqueyries.com\/#\/schema\/logo\/image\/\",\"url\":\"https:\/\/i0.wp.com\/www.leclosdesqueyries.com\/wp-content\/uploads\/2020\/06\/cropped-Logo-LeClosQueyries-2018-2-3.jpg?fit=2048%2C934&ssl=1\",\"contentUrl\":\"https:\/\/i0.wp.com\/www.leclosdesqueyries.com\/wp-content\/uploads\/2020\/06\/cropped-Logo-LeClosQueyries-2018-2-3.jpg?fit=2048%2C934&ssl=1\",\"width\":2048,\"height\":934,\"caption\":\"Le Clos des Queyries\"},\"image\":{\"@id\":\"https:\/\/www.leclosdesqueyries.com\/#\/schema\/logo\/image\/\"}}]}<\/script>\n<!-- \/ Yoast SEO plugin. -->","yoast_head_json":{"title":"Nos partenaires","robots":{"index":"index","follow":"follow","max-snippet":"max-snippet:-1","max-image-preview":"max-image-preview:large","max-video-preview":"max-video-preview:-1"},"canonical":"https:\/\/www.leclosdesqueyries.com\/es\/partenaires\/","og_locale":"es_ES","og_type":"article","og_title":"[:fr]Nos partenaires[:en]Our partners[:] - Le Clos des Queyries","og_description":"Labels Transport All In Drive : Chauffeur priv\u00e9 Bordeaux Site web : https:\/\/all-indrive.fr\/T\u00e9l\u00e9phone : 07 66 65 65 99 Accueil v\u00e9lo Linge de maison pour h\u00f4tel R\u00e9alisations Architecte Paysagiste : Joanna Hubert Site web :&nbsp;http:\/\/joanna-hubert.fr\/ Site web \u201cLe Clos des Queyries\u201d : Qoolyn\u00a0 Site web : https:\/\/www.qoolyn.com","og_url":"https:\/\/www.leclosdesqueyries.com\/es\/partenaires\/","og_site_name":"Le Clos des Queyries","article_modified_time":"2025-08-09T22:35:44+00:00","og_image":[{"url":"https:\/\/www.petitfute.com\/img\/widget\/logo.jpg","type":"","width":"","height":""}],"twitter_card":"summary_large_image","twitter_misc":{"Tiempo de lectura":"2 minutos"},"schema":{"@context":"https:\/\/schema.org","@graph":[{"@type":"WebPage","@id":"https:\/\/www.leclosdesqueyries.com\/en\/partenaires\/","url":"https:\/\/www.leclosdesqueyries.com\/en\/partenaires\/","name":"Nos partenaires","isPartOf":{"@id":"https:\/\/www.leclosdesqueyries.com\/#website"},"primaryImageOfPage":{"@id":"https:\/\/www.leclosdesqueyries.com\/en\/partenaires\/#primaryimage"},"image":{"@id":"https:\/\/www.leclosdesqueyries.com\/en\/partenaires\/#primaryimage"},"thumbnailUrl":"https:\/\/www.petitfute.com\/img\/widget\/logo.jpg","datePublished":"2020-06-10T21:38:56+00:00","dateModified":"2025-08-09T22:35:44+00:00","inLanguage":"es-ES","potentialAction":[{"@type":"ReadAction","target":["https:\/\/www.leclosdesqueyries.com\/en\/partenaires\/"]}]},{"@type":"ImageObject","inLanguage":"es-ES","@id":"https:\/\/www.leclosdesqueyries.com\/en\/partenaires\/#primaryimage","url":"https:\/\/www.petitfute.com\/img\/widget\/logo.jpg","contentUrl":"https:\/\/www.petitfute.com\/img\/widget\/logo.jpg"},{"@type":"WebSite","@id":"https:\/\/www.leclosdesqueyries.com\/#website","url":"https:\/\/www.leclosdesqueyries.com\/","name":"Le Clos des Queyries","description":"","publisher":{"@id":"https:\/\/www.leclosdesqueyries.com\/#organization"},"potentialAction":[{"@type":"SearchAction","target":{"@type":"EntryPoint","urlTemplate":"https:\/\/www.leclosdesqueyries.com\/?s={search_term_string}"},"query-input":{"@type":"PropertyValueSpecification","valueRequired":true,"valueName":"search_term_string"}}],"inLanguage":"es-ES"},{"@type":"Organization","@id":"https:\/\/www.leclosdesqueyries.com\/#organization","name":"Le Clos des Queyries","url":"https:\/\/www.leclosdesqueyries.com\/","logo":{"@type":"ImageObject","inLanguage":"es-ES","@id":"https:\/\/www.leclosdesqueyries.com\/#\/schema\/logo\/image\/","url":"https:\/\/i0.wp.com\/www.leclosdesqueyries.com\/wp-content\/uploads\/2020\/06\/cropped-Logo-LeClosQueyries-2018-2-3.jpg?fit=2048%2C934&ssl=1","contentUrl":"https:\/\/i0.wp.com\/www.leclosdesqueyries.com\/wp-content\/uploads\/2020\/06\/cropped-Logo-LeClosQueyries-2018-2-3.jpg?fit=2048%2C934&ssl=1","width":2048,"height":934,"caption":"Le Clos des Queyries"},"image":{"@id":"https:\/\/www.leclosdesqueyries.com\/#\/schema\/logo\/image\/"}}]}},"jetpack_sharing_enabled":true,"_links":{"self":[{"href":"https:\/\/www.leclosdesqueyries.com\/es\/wp-json\/wp\/v2\/pages\/291","targetHints":{"allow":["GET"]}}],"collection":[{"href":"https:\/\/www.leclosdesqueyries.com\/es\/wp-json\/wp\/v2\/pages"}],"about":[{"href":"https:\/\/www.leclosdesqueyries.com\/es\/wp-json\/wp\/v2\/types\/page"}],"author":[{"embeddable":true,"href":"https:\/\/www.leclosdesqueyries.com\/es\/wp-json\/wp\/v2\/users\/1"}],"replies":[{"embeddable":true,"href":"https:\/\/www.leclosdesqueyries.com\/es\/wp-json\/wp\/v2\/comments?post=291"}],"version-history":[{"count":62,"href":"https:\/\/www.leclosdesqueyries.com\/es\/wp-json\/wp\/v2\/pages\/291\/revisions"}],"predecessor-version":[{"id":1340,"href":"https:\/\/www.leclosdesqueyries.com\/es\/wp-json\/wp\/v2\/pages\/291\/revisions\/1340"}],"wp:attachment":[{"href":"https:\/\/www.leclosdesqueyries.com\/es\/wp-json\/wp\/v2\/media?parent=291"}],"curies":[{"name":"wp","href":"https:\/\/api.w.org\/{rel}","templated":true}]}}