{"id":595,"date":"2020-08-22T20:48:47","date_gmt":"2020-08-22T18:48:47","guid":{"rendered":"http:\/\/pp.lcq.ernouf.fr\/en\/politique-de-cookies-ue\/"},"modified":"2026-04-30T14:47:43","modified_gmt":"2026-04-30T12:47:43","slug":"politique-de-cookies-ue","status":"publish","type":"page","link":"https:\/\/www.leclosdesqueyries.com\/es\/politique-de-cookies-ue\/","title":{"rendered":"Pol\u00edtica de Cookies (EU)"},"content":{"rendered":"\n<h2 class=\"wp-block-heading\">Pol\u00edtica de Cookies<\/h2>\n\n\n\n<p>Esta pol\u00edtica de cookies se actualiz\u00f3 por \u00faltima vez el 30 de abril de 2026 y se aplica a los ciudadanos y residentes permanentes legales del Espacio Econ\u00f3mico Europeo y de Suiza.<\/p>\n\n\n\n<h3 class=\"wp-block-heading\">1. Introducci\u00f3n<\/h3>\n\n\n\n<p>Nuestro sitio web, <a href=\"https:\/\/www.leclosdesqueyries.com\">https:\/\/www.leclosdesqueyries.com<\/a> (en adelante: \u00abel sitio web\u00bb) utiliza cookies y otras tecnolog\u00edas relacionadas (para simplificar, todas estas tecnolog\u00edas se denominan \u00abcookies\u00bb). Tambi\u00e9n colocan cookies terceros que hemos contratado. En el documento que figura a continuaci\u00f3n, le informamos sobre el uso de cookies en nuestro sitio web.<\/p>\n\n\n\n<h3 class=\"wp-block-heading\">2. \u00bfQu\u00e9 son las cookies?<\/h3>\n\n\n\n<p>Una cookie es un peque\u00f1o archivo simple que se env\u00eda con las p\u00e1ginas de este sitio web y que su navegador almacena en el disco duro de su ordenador u otro dispositivo. La informaci\u00f3n almacenada en ellas puede ser devuelta a nuestros servidores o a los servidores de los terceros correspondientes durante una visita posterior.<\/p>\n\n\n\n<h3 class=\"wp-block-heading\">3. \u00bfQu\u00e9 son los scripts?<\/h3>\n\n\n\n<p>Un script es un fragmento de c\u00f3digo que se utiliza para que nuestro sitio web funcione correctamente y de forma interactiva. Este c\u00f3digo se ejecuta en nuestro servidor o en su dispositivo.<\/p>\n\n\n\n<h3 class=\"wp-block-heading\">4. \u00bfQu\u00e9 es una baliza web?<\/h3>\n\n\n\n<p>Una baliza web (o p\u00edxel de seguimiento) es un peque\u00f1o fragmento de texto o imagen invisible en un sitio web, utilizado para rastrear el tr\u00e1fico en dicho sitio. Para ello, se almacenan diversos datos sobre usted mediante balizas web.<\/p>\n\n\n\n<h3 class=\"wp-block-heading\">5. Cookies<\/h3>\n\n\n\n<h4 class=\"wp-block-heading\">5.1 Cookies t\u00e9cnicas o funcionales<\/h4>\n\n\n\n<p>Algunas cookies garantizan el correcto funcionamiento de determinadas partes del sitio web y la consideraci\u00f3n de sus preferencias como usuario. Al colocar cookies funcionales, le facilitamos la visita a nuestro sitio web. De este modo, no necesita introducir repetidamente la misma informaci\u00f3n al visitar nuestro sitio web y, por ejemplo, los art\u00edculos permanecen en su cesta de la compra hasta que realice el pago. Podemos colocar estas cookies sin su consentimiento.<\/p>\n\n\n\n<h4 class=\"wp-block-heading\">5.2 Cookies estad\u00edsticas<\/h4>\n\n\n\n<p>Utilizamos cookies estad\u00edsticas para optimizar la experiencia de los usuarios en nuestro sitio web. Con estas cookies estad\u00edsticas, obtenemos informaci\u00f3n sobre el uso de nuestro sitio web. Le pedimos permiso para colocar cookies estad\u00edsticas.<\/p>\n\n\n\n<h4 class=\"wp-block-heading\">5.3 Cookies de marketing\/seguimiento<\/h4>\n\n\n\n<p>Las cookies de marketing\/seguimiento son cookies o cualquier otra forma de almacenamiento local, utilizadas para crear perfiles de usuarios con el fin de mostrar publicidad o de hacer un seguimiento del usuario en este sitio web o en varios sitios web con fines de marketing similares.<\/p>\n\n\n\n<h4 class=\"wp-block-heading\">5.4 Redes sociales<\/h4>\n\n\n\n<p>En nuestro sitio web, hemos incluido contenido para promocionar p\u00e1ginas web en las redes sociales (por ejemplo, \u00abme gusta\u00bb, \u00abpin\u00bb) o compartirlas (por ejemplo, \u00abtuitear\u00bb). Este contenido se integra mediante un c\u00f3digo obtenido de terceros y coloca cookies. Este contenido puede almacenar y procesar cierta informaci\u00f3n con fines de publicidad personalizada.<\/p>\n\n\n\n<p>Lea la declaraci\u00f3n de privacidad de estas redes sociales (que puede modificarse regularmente) para saber qu\u00e9 hacen con sus datos (personales) tratados mediante estas cookies. Los datos recuperados se anonimizan en la medida de lo posible.<\/p>\n\n\n\n<h3 class=\"wp-block-heading\">6. Cookies utilizadas<\/h3>\n\n\n\n<ul class=\"wp-block-list\">\n<li><strong>WordPress<\/strong> \u2014 Funcional<\/li>\n\n\n\n<li><strong>Google Analytics<\/strong> \u2014 Estad\u00edsticas (an\u00f3nimas)<\/li>\n\n\n\n<li><strong>Google Analytics Dashboard for WP<\/strong> \u2014 Estad\u00edsticas (an\u00f3nimas)<\/li>\n\n\n\n<li><strong>Complianz<\/strong> \u2014 Funcional<\/li>\n\n\n\n<li><strong>JetPack<\/strong> \u2014 Estad\u00edsticas<\/li>\n\n\n\n<li><strong>Google Fonts<\/strong> \u2014 Marketing\/Seguimiento<\/li>\n\n\n\n<li><strong>Google Maps<\/strong> \u2014 Marketing\/Seguimiento<\/li>\n\n\n\n<li><strong>Varios<\/strong> \u2014 Finalidad pendiente de investigaci\u00f3n<\/li>\n<\/ul>\n\n\n\n<h3 class=\"wp-block-heading\">7. Consentimiento<\/h3>\n\n\n\n<p>Cuando visite nuestro sitio web por primera vez, le mostraremos una ventana emergente con una explicaci\u00f3n sobre las cookies. En cuanto haga clic en \u00abGuardar preferencias\u00bb, nos autoriza a utilizar las categor\u00edas de cookies y extensiones que ha seleccionado en la ventana emergente, tal como se describe en la presente pol\u00edtica de cookies. Puede desactivar el uso de cookies a trav\u00e9s de su navegador, pero tenga en cuenta que nuestro sitio web podr\u00eda dejar de funcionar correctamente.<\/p>\n\n\n\n<h4 class=\"wp-block-heading\">7.1 Gestione su configuraci\u00f3n de consentimiento<\/h4>\n\n\n\n<p>Ha cargado la pol\u00edtica de cookies sin compatibilidad con JavaScript. En AMP, puede utilizar la pesta\u00f1a de gesti\u00f3n del consentimiento situada en la parte inferior de la p\u00e1gina.<\/p>\n\n\n\n<h3 class=\"wp-block-heading\">8. Activar\/desactivar y eliminar cookies<\/h3>\n\n\n\n<p>Puede utilizar su navegador de Internet para eliminar cookies de forma autom\u00e1tica o manual. Tambi\u00e9n puede especificar que no se coloquen determinadas cookies. Otra opci\u00f3n consiste en modificar la configuraci\u00f3n de su navegador de Internet para recibir un mensaje cada vez que se coloque una cookie. Para obtener m\u00e1s informaci\u00f3n sobre estas opciones, consulte las instrucciones de la secci\u00f3n de Ayuda de su navegador.<\/p>\n\n\n\n<p>Tenga en cuenta que nuestro sitio web puede no funcionar correctamente si se desactivan todas las cookies. Si elimina las cookies en su navegador, estas se volver\u00e1n a colocar tras su consentimiento cuando vuelva a visitar nuestro sitio web.<\/p>\n\n\n\n<h3 class=\"wp-block-heading\">9. Sus derechos en relaci\u00f3n con los datos personales<\/h3>\n\n\n\n<p>Tiene los siguientes derechos en relaci\u00f3n con sus datos personales:<\/p>\n\n\n\n<ul class=\"wp-block-list\">\n<li>Tiene derecho a saber por qu\u00e9 se necesitan sus datos personales, qu\u00e9 ocurrir\u00e1 con ellos y durante cu\u00e1nto tiempo se conservar\u00e1n.<\/li>\n\n\n\n<li><strong>Derecho de acceso<\/strong>: tiene derecho a acceder a sus datos personales que conocemos.<\/li>\n\n\n\n<li><strong>Derecho de rectificaci\u00f3n<\/strong>: tiene derecho en todo momento a completar, corregir, suprimir o bloquear sus datos personales.<\/li>\n\n\n\n<li>Si nos da su consentimiento para tratar sus datos, tiene derecho a revocar dicho consentimiento y a que se supriman sus datos personales.<\/li>\n\n\n\n<li><strong>Derecho a la portabilidad de sus datos<\/strong>: tiene derecho a solicitar todos sus datos personales al responsable del tratamiento y a transferirlos en su totalidad a otro responsable del tratamiento.<\/li>\n\n\n\n<li><strong>Derecho de oposici\u00f3n<\/strong>: puede oponerse al tratamiento de sus datos. Atenderemos su solicitud, salvo que existan motivos justificados que impongan dicho tratamiento.<\/li>\n<\/ul>\n\n\n\n<p>Para ejercer estos derechos, p\u00f3ngase en contacto con nosotros. Consulte los datos de contacto al final de esta pol\u00edtica de cookies. Si tiene alguna queja sobre la forma en que tratamos sus datos, nos gustar\u00eda saberlo, pero tambi\u00e9n tiene derecho a presentar una reclamaci\u00f3n ante la autoridad de control (la autoridad de protecci\u00f3n de datos).<\/p>\n\n\n\n<h3 class=\"wp-block-heading\">10. Datos de contacto<\/h3>\n\n\n\n<p>Para preguntas o comentarios sobre nuestra pol\u00edtica de cookies y esta declaraci\u00f3n, p\u00f3ngase en contacto con nosotros utilizando los siguientes datos:<\/p>\n\n\n\n<p><strong>SCI La Chartreuse<\/strong> 38 Rue Andr\u00e9 Degain, 33100 BORDEAUX Francia Sitio web: <a href=\"https:\/\/www.leclosdesqueyries.com\">https:\/\/www.leclosdesqueyries.com<\/a> Correo electr\u00f3nico: <a href=\"mailto:contact@leclosdesqueyries.com\">contact@leclosdesqueyries.com<\/a><\/p>\n\n\n\n<p><\/p>\n","protected":false},"excerpt":{"rendered":"<p>Pol\u00edtica de Cookies Esta pol\u00edtica de cookies se actualiz\u00f3 por \u00faltima vez el 30 de abril de 2026 y se aplica a los ciudadanos y residentes permanentes legales del Espacio Econ\u00f3mico Europeo y de Suiza. 1. Introducci\u00f3n Nuestro sitio web, https:\/\/www.leclosdesqueyries.com (en adelante: \u00abel sitio web\u00bb) utiliza cookies y otras tecnolog\u00edas relacionadas (para simplificar, todas [&hellip;]<\/p>\n","protected":false},"author":1,"featured_media":0,"parent":0,"menu_order":0,"comment_status":"closed","ping_status":"closed","template":"template-fullwidth.php","meta":{"_acf_changed":false,"footnotes":""},"class_list":["post-595","page","type-page","status-publish","hentry"],"acf":[],"yoast_head":"<!-- This site is optimized with the Yoast SEO plugin v25.6 - https:\/\/yoast.com\/wordpress\/plugins\/seo\/ -->\n<title>Pol\u00edtica de Cookies (EU)<\/title>\n<meta name=\"robots\" content=\"index, follow, max-snippet:-1, max-image-preview:large, max-video-preview:-1\" \/>\n<link rel=\"canonical\" href=\"https:\/\/www.leclosdesqueyries.com\/es\/politique-de-cookies-ue\/\" \/>\n<meta property=\"og:locale\" content=\"es_ES\" \/>\n<meta property=\"og:locale:alternate\" content=\"fr_FR\" \/>\n<meta property=\"og:locale:alternate\" content=\"en_US\" \/>\n<meta property=\"og:type\" content=\"article\" \/>\n<meta property=\"og:title\" content=\"Pol\u00edtica de Cookies (EU)\" \/>\n<meta property=\"og:description\" content=\"Pol\u00edtica de Cookies Esta pol\u00edtica de cookies se actualiz\u00f3 por \u00faltima vez el 30 de abril de 2026 y se aplica a los ciudadanos y residentes permanentes legales del Espacio Econ\u00f3mico Europeo y de Suiza. 1. Introducci\u00f3n Nuestro sitio web, https:\/\/www.leclosdesqueyries.com (en adelante: \u00abel sitio web\u00bb) utiliza cookies y otras tecnolog\u00edas relacionadas (para simplificar, todas [&hellip;]\" \/>\n<meta property=\"og:url\" content=\"https:\/\/www.leclosdesqueyries.com\/es\/politique-de-cookies-ue\/\" \/>\n<meta property=\"og:site_name\" content=\"Le Clos des Queyries\" \/>\n<meta property=\"article:modified_time\" content=\"2026-04-30T12:47:43+00:00\" \/>\n<meta name=\"twitter:card\" content=\"summary_large_image\" \/>\n<meta name=\"twitter:label1\" content=\"Tiempo de lectura\" \/>\n\t<meta name=\"twitter:data1\" content=\"5 minutos\" \/>\n<script type=\"application\/ld+json\" class=\"yoast-schema-graph\">{\"@context\":\"https:\/\/schema.org\",\"@graph\":[{\"@type\":\"WebPage\",\"@id\":\"https:\/\/www.leclosdesqueyries.com\/es\/politique-de-cookies-ue\/\",\"url\":\"https:\/\/www.leclosdesqueyries.com\/es\/politique-de-cookies-ue\/\",\"name\":\"Pol\u00edtica de Cookies (EU)\",\"isPartOf\":{\"@id\":\"https:\/\/www.leclosdesqueyries.com\/#website\"},\"datePublished\":\"2020-08-22T18:48:47+00:00\",\"dateModified\":\"2026-04-30T12:47:43+00:00\",\"inLanguage\":\"es-ES\",\"potentialAction\":[{\"@type\":\"ReadAction\",\"target\":[\"https:\/\/www.leclosdesqueyries.com\/es\/politique-de-cookies-ue\/\"]}]},{\"@type\":\"WebSite\",\"@id\":\"https:\/\/www.leclosdesqueyries.com\/#website\",\"url\":\"https:\/\/www.leclosdesqueyries.com\/\",\"name\":\"Le Clos des Queyries\",\"description\":\"\",\"publisher\":{\"@id\":\"https:\/\/www.leclosdesqueyries.com\/#organization\"},\"potentialAction\":[{\"@type\":\"SearchAction\",\"target\":{\"@type\":\"EntryPoint\",\"urlTemplate\":\"https:\/\/www.leclosdesqueyries.com\/?s={search_term_string}\"},\"query-input\":{\"@type\":\"PropertyValueSpecification\",\"valueRequired\":true,\"valueName\":\"search_term_string\"}}],\"inLanguage\":\"es-ES\"},{\"@type\":\"Organization\",\"@id\":\"https:\/\/www.leclosdesqueyries.com\/#organization\",\"name\":\"Le Clos des Queyries\",\"url\":\"https:\/\/www.leclosdesqueyries.com\/\",\"logo\":{\"@type\":\"ImageObject\",\"inLanguage\":\"es-ES\",\"@id\":\"https:\/\/www.leclosdesqueyries.com\/#\/schema\/logo\/image\/\",\"url\":\"https:\/\/i0.wp.com\/www.leclosdesqueyries.com\/wp-content\/uploads\/2020\/06\/cropped-Logo-LeClosQueyries-2018-2-3.jpg?fit=2048%2C934&ssl=1\",\"contentUrl\":\"https:\/\/i0.wp.com\/www.leclosdesqueyries.com\/wp-content\/uploads\/2020\/06\/cropped-Logo-LeClosQueyries-2018-2-3.jpg?fit=2048%2C934&ssl=1\",\"width\":2048,\"height\":934,\"caption\":\"Le Clos des Queyries\"},\"image\":{\"@id\":\"https:\/\/www.leclosdesqueyries.com\/#\/schema\/logo\/image\/\"}}]}<\/script>\n<!-- \/ Yoast SEO plugin. -->","yoast_head_json":{"title":"Pol\u00edtica de Cookies (EU)","robots":{"index":"index","follow":"follow","max-snippet":"max-snippet:-1","max-image-preview":"max-image-preview:large","max-video-preview":"max-video-preview:-1"},"canonical":"https:\/\/www.leclosdesqueyries.com\/es\/politique-de-cookies-ue\/","og_locale":"es_ES","og_type":"article","og_title":"[:fr]Politique de cookies (UE)[:en]Cookies policy (EU)[:es]Pol\u00edtica de Cookies (EU)[:] - Le Clos des Queyries","og_description":"Pol\u00edtica de Cookies Esta pol\u00edtica de cookies se actualiz\u00f3 por \u00faltima vez el 30 de abril de 2026 y se aplica a los ciudadanos y residentes permanentes legales del Espacio Econ\u00f3mico Europeo y de Suiza. 1. Introducci\u00f3n Nuestro sitio web, https:\/\/www.leclosdesqueyries.com (en adelante: \u00abel sitio web\u00bb) utiliza cookies y otras tecnolog\u00edas relacionadas (para simplificar, todas [&hellip;]","og_url":"https:\/\/www.leclosdesqueyries.com\/es\/politique-de-cookies-ue\/","og_site_name":"Le Clos des Queyries","article_modified_time":"2026-04-30T12:47:43+00:00","twitter_card":"summary_large_image","twitter_misc":{"Tiempo de lectura":"5 minutos"},"schema":{"@context":"https:\/\/schema.org","@graph":[{"@type":"WebPage","@id":"https:\/\/www.leclosdesqueyries.com\/es\/politique-de-cookies-ue\/","url":"https:\/\/www.leclosdesqueyries.com\/es\/politique-de-cookies-ue\/","name":"Pol\u00edtica de Cookies (EU)","isPartOf":{"@id":"https:\/\/www.leclosdesqueyries.com\/#website"},"datePublished":"2020-08-22T18:48:47+00:00","dateModified":"2026-04-30T12:47:43+00:00","inLanguage":"es-ES","potentialAction":[{"@type":"ReadAction","target":["https:\/\/www.leclosdesqueyries.com\/es\/politique-de-cookies-ue\/"]}]},{"@type":"WebSite","@id":"https:\/\/www.leclosdesqueyries.com\/#website","url":"https:\/\/www.leclosdesqueyries.com\/","name":"Le Clos des Queyries","description":"","publisher":{"@id":"https:\/\/www.leclosdesqueyries.com\/#organization"},"potentialAction":[{"@type":"SearchAction","target":{"@type":"EntryPoint","urlTemplate":"https:\/\/www.leclosdesqueyries.com\/?s={search_term_string}"},"query-input":{"@type":"PropertyValueSpecification","valueRequired":true,"valueName":"search_term_string"}}],"inLanguage":"es-ES"},{"@type":"Organization","@id":"https:\/\/www.leclosdesqueyries.com\/#organization","name":"Le Clos des Queyries","url":"https:\/\/www.leclosdesqueyries.com\/","logo":{"@type":"ImageObject","inLanguage":"es-ES","@id":"https:\/\/www.leclosdesqueyries.com\/#\/schema\/logo\/image\/","url":"https:\/\/i0.wp.com\/www.leclosdesqueyries.com\/wp-content\/uploads\/2020\/06\/cropped-Logo-LeClosQueyries-2018-2-3.jpg?fit=2048%2C934&ssl=1","contentUrl":"https:\/\/i0.wp.com\/www.leclosdesqueyries.com\/wp-content\/uploads\/2020\/06\/cropped-Logo-LeClosQueyries-2018-2-3.jpg?fit=2048%2C934&ssl=1","width":2048,"height":934,"caption":"Le Clos des Queyries"},"image":{"@id":"https:\/\/www.leclosdesqueyries.com\/#\/schema\/logo\/image\/"}}]}},"jetpack_sharing_enabled":true,"_links":{"self":[{"href":"https:\/\/www.leclosdesqueyries.com\/es\/wp-json\/wp\/v2\/pages\/595","targetHints":{"allow":["GET"]}}],"collection":[{"href":"https:\/\/www.leclosdesqueyries.com\/es\/wp-json\/wp\/v2\/pages"}],"about":[{"href":"https:\/\/www.leclosdesqueyries.com\/es\/wp-json\/wp\/v2\/types\/page"}],"author":[{"embeddable":true,"href":"https:\/\/www.leclosdesqueyries.com\/es\/wp-json\/wp\/v2\/users\/1"}],"replies":[{"embeddable":true,"href":"https:\/\/www.leclosdesqueyries.com\/es\/wp-json\/wp\/v2\/comments?post=595"}],"version-history":[{"count":8,"href":"https:\/\/www.leclosdesqueyries.com\/es\/wp-json\/wp\/v2\/pages\/595\/revisions"}],"predecessor-version":[{"id":1456,"href":"https:\/\/www.leclosdesqueyries.com\/es\/wp-json\/wp\/v2\/pages\/595\/revisions\/1456"}],"wp:attachment":[{"href":"https:\/\/www.leclosdesqueyries.com\/es\/wp-json\/wp\/v2\/media?parent=595"}],"curies":[{"name":"wp","href":"https:\/\/api.w.org\/{rel}","templated":true}]}}