{"id":920,"date":"2021-07-04T16:18:49","date_gmt":"2021-07-04T14:18:49","guid":{"rendered":"https:\/\/www.leclosdesqueyries.com\/?page_id=920"},"modified":"2026-04-29T16:12:23","modified_gmt":"2026-04-29T14:12:23","slug":"services-activites","status":"publish","type":"page","link":"https:\/\/www.leclosdesqueyries.com\/es\/services-activites\/","title":{"rendered":"Actividades y Servicios"},"content":{"rendered":"\n<p>Descubra todas las actividades y servicios que ofrece Le Clos des Queyries. Para que disfrute a\u00fan m\u00e1s de su visita, le ofrecemos una selecci\u00f3n de actividades y servicios con los que podr\u00e1 relajarse, descubrir la zona y hacer que su estancia sea a\u00fan m\u00e1s agradable.<\/p>\n\n\n\n<ul class=\"wp-block-list\">\n<li><a href=\"#bien-etre\" rel=\"nofollow\">Actividades de bienestar<\/a>\n<ul class=\"wp-block-list\">\n<li><a href=\"#massage-aromatherapie\" rel=\"nofollow\">Masajes, aromaterapia y reiki<\/a><\/li>\n\n\n\n<li><a href=\"#massage-chinois\" rel=\"nofollow\">Masaje chino<\/a><\/li>\n<\/ul>\n<\/li>\n\n\n\n<li><a href=\"#decouverte\" rel=\"nofollow\">Actividades de descubrimiento<\/a>\n<ul class=\"wp-block-list\">\n<li><a href=\"#degustation-vins\" rel=\"nofollow\">Taller de degustaci\u00f3n de vinos<\/a><\/li>\n\n\n\n<li><a href=\"#bdxadream\">Bordeaux a Dream<\/a><\/li>\n\n\n\n<li><a href=\"#visite-chateaux-vignobles\">Visita de castillos y vi\u00f1edos.<\/a><\/li>\n\n\n\n<li><a href=\"#circuit-velo\">Circuito en bicicleta<\/a><\/li>\n\n\n\n<li><a href=\"#balades-bateaux\">Paseos en barco<\/a><\/li>\n<\/ul>\n<\/li>\n\n\n\n<li><a href=\"#atelierculinaire\">Taller culinario<\/a>\n<ul class=\"wp-block-list\">\n<li><a href=\"#courscuisine\">Clases de cocina<\/a><\/li>\n<\/ul>\n<\/li>\n\n\n\n<li><a href=\"#transport\" rel=\"nofollow\">Transport<\/a>e<\/li>\n<\/ul>\n\n\n\n<h2 class=\"wp-block-heading\" id=\"bien-etre\"><strong>Actividades de bienestar<\/strong><\/h2>\n\n\n\n<div class=\"wp-block-columns are-vertically-aligned-center is-layout-flex wp-container-core-columns-is-layout-1 wp-block-columns-is-layout-flex\">\n<div class=\"wp-block-column is-vertically-aligned-center is-layout-flow wp-block-column-is-layout-flow\">\n<h3 class=\"wp-block-heading\" id=\"massage-aromatherapie\"><strong>Masajes, aromaterapia y reiki<\/strong><\/h3>\n\n\n\n<p>\u00abAl disfrutar de un masaje, volver\u00e1s a sentir el placer de conectar con tu cuerpo, de dejarte llevar, de recibir, de sentirte m\u00e1s vivo, m\u00e1s abierto y con m\u00e1s confianza\u00bb.<\/p>\n\n\n\n<p>Reg\u00e1late un momento de bienestar con Th\u00e9r\u00e8se, masajista, aromaterapeuta y practicante de reiki.<br><a href=\"#rendez-vous\" rel=\"nofollow\">Con cita previa <\/a><\/p>\n<\/div>\n\n\n\n<div class=\"wp-block-column is-vertically-aligned-center is-layout-flow wp-block-column-is-layout-flow\">\n<figure class=\"wp-block-image size-large\"><img data-recalc-dims=\"1\" loading=\"lazy\" decoding=\"async\" width=\"980\" height=\"654\" src=\"https:\/\/i0.wp.com\/www.leclosdesqueyries.com\/wp-content\/uploads\/2021\/07\/massage-aromatherapie.jpeg?resize=980%2C654&#038;ssl=1\" alt=\"\" class=\"wp-image-968\" srcset=\"https:\/\/i0.wp.com\/www.leclosdesqueyries.com\/wp-content\/uploads\/2021\/07\/massage-aromatherapie.jpeg?resize=1024%2C683&amp;ssl=1 1024w, https:\/\/i0.wp.com\/www.leclosdesqueyries.com\/wp-content\/uploads\/2021\/07\/massage-aromatherapie.jpeg?resize=300%2C200&amp;ssl=1 300w, https:\/\/i0.wp.com\/www.leclosdesqueyries.com\/wp-content\/uploads\/2021\/07\/massage-aromatherapie.jpeg?resize=768%2C512&amp;ssl=1 768w, https:\/\/i0.wp.com\/www.leclosdesqueyries.com\/wp-content\/uploads\/2021\/07\/massage-aromatherapie.jpeg?resize=1536%2C1024&amp;ssl=1 1536w, https:\/\/i0.wp.com\/www.leclosdesqueyries.com\/wp-content\/uploads\/2021\/07\/massage-aromatherapie.jpeg?w=1920&amp;ssl=1 1920w\" sizes=\"auto, (max-width: 980px) 100vw, 980px\" \/><\/figure>\n<\/div>\n<\/div>\n\n\n\n<div class=\"wp-block-columns is-layout-flex wp-container-core-columns-is-layout-2 wp-block-columns-is-layout-flex\">\n<div class=\"wp-block-column is-layout-flow wp-block-column-is-layout-flow\">\n<figure class=\"wp-block-image size-full is-style-default\"><img data-recalc-dims=\"1\" loading=\"lazy\" decoding=\"async\" width=\"370\" height=\"247\" src=\"https:\/\/i0.wp.com\/www.leclosdesqueyries.com\/wp-content\/uploads\/2021\/08\/massage-crane.jpeg?resize=370%2C247&#038;ssl=1\" alt=\"\" class=\"wp-image-998\" srcset=\"https:\/\/i0.wp.com\/www.leclosdesqueyries.com\/wp-content\/uploads\/2021\/08\/massage-crane.jpeg?w=370&amp;ssl=1 370w, https:\/\/i0.wp.com\/www.leclosdesqueyries.com\/wp-content\/uploads\/2021\/08\/massage-crane.jpeg?resize=300%2C200&amp;ssl=1 300w\" sizes=\"auto, (max-width: 370px) 100vw, 370px\" \/><\/figure>\n<\/div>\n\n\n\n<div class=\"wp-block-column is-layout-flow wp-block-column-is-layout-flow\">\n<h3 class=\"wp-block-heading\" id=\"massage-chinois\"><strong>Masaje chino en la habitacion<\/strong><\/h3>\n\n\n\n<p>\u00a1El bienestar al alcance de la mano! D\u00e9jese seducir por un masaje tradicional chino. Nataly le ofrece sus servicios y su experiencia en la pr\u00e1ctica de masajes tradicionales chinos.<\/p>\n\n\n\n<p>Oferta con <a href=\"#rendez-vous\" rel=\"nofollow\">cita previa <\/a><\/p>\n<\/div>\n<\/div>\n\n\n\n<h2 class=\"wp-block-heading\" id=\"decouverte\"><strong>Actividades de descubrimiento<\/strong><\/h2>\n\n\n\n<div class=\"wp-block-columns are-vertically-aligned-center is-layout-flex wp-container-core-columns-is-layout-3 wp-block-columns-is-layout-flex\">\n<div class=\"wp-block-column is-vertically-aligned-center is-layout-flow wp-block-column-is-layout-flow\">\n<h3 class=\"wp-block-heading\" id=\"degustation-vins\">Taller de degustaci\u00f3n de vinos<\/h3>\n\n\n\n<p>D\u00e9jese sorprender por esta introducci\u00f3n. Descubrir\u00e1 las etapas de la degustaci\u00f3n. Como los profesionales, aprender\u00e1 a describir el color del vino, a oler su aroma, a saborear sus matices, a comprender mejor el trabajo del viticultor, la vinificaci\u00f3n&#8230;<\/p>\n\n\n\n<p>Domine los sabores, los matices&#8230; O, por el contrario, juegue con los contrastes.<\/p>\n\n\n\n<p>Sesiones de degustaci\u00f3n con <a href=\"#rendez-vous\" rel=\"nofollow\">cita previa <\/a>.<\/p>\n<\/div>\n\n\n\n<div class=\"wp-block-column is-vertically-aligned-center is-layout-flow wp-block-column-is-layout-flow\">\n<figure class=\"wp-block-image size-large\"><img data-recalc-dims=\"1\" loading=\"lazy\" decoding=\"async\" width=\"512\" height=\"341\" src=\"https:\/\/i0.wp.com\/www.leclosdesqueyries.com\/wp-content\/uploads\/2021\/07\/degustation-oenonlogique.jpeg?resize=512%2C341&#038;ssl=1\" alt=\"\" class=\"wp-image-940\" srcset=\"https:\/\/i0.wp.com\/www.leclosdesqueyries.com\/wp-content\/uploads\/2021\/07\/degustation-oenonlogique.jpeg?w=512&amp;ssl=1 512w, https:\/\/i0.wp.com\/www.leclosdesqueyries.com\/wp-content\/uploads\/2021\/07\/degustation-oenonlogique.jpeg?resize=300%2C200&amp;ssl=1 300w\" sizes=\"auto, (max-width: 512px) 100vw, 512px\" \/><\/figure>\n<\/div>\n<\/div>\n\n\n\n<div class=\"wp-block-columns is-layout-flex wp-container-core-columns-is-layout-4 wp-block-columns-is-layout-flex\">\n<div class=\"wp-block-column is-layout-flow wp-block-column-is-layout-flow\">\n<figure class=\"wp-block-image size-full\"><img data-recalc-dims=\"1\" loading=\"lazy\" decoding=\"async\" width=\"980\" height=\"751\" src=\"https:\/\/i0.wp.com\/www.leclosdesqueyries.com\/wp-content\/uploads\/2023\/03\/Bordeaux_a_dream_logo-1.png?resize=980%2C751&#038;ssl=1\" alt=\"Bordeaux a Dream\" class=\"wp-image-1075\" srcset=\"https:\/\/i0.wp.com\/www.leclosdesqueyries.com\/wp-content\/uploads\/2023\/03\/Bordeaux_a_dream_logo-1.png?w=1018&amp;ssl=1 1018w, https:\/\/i0.wp.com\/www.leclosdesqueyries.com\/wp-content\/uploads\/2023\/03\/Bordeaux_a_dream_logo-1.png?resize=300%2C230&amp;ssl=1 300w, https:\/\/i0.wp.com\/www.leclosdesqueyries.com\/wp-content\/uploads\/2023\/03\/Bordeaux_a_dream_logo-1.png?resize=768%2C588&amp;ssl=1 768w\" sizes=\"auto, (max-width: 980px) 100vw, 980px\" \/><figcaption class=\"wp-element-caption\">Bordeaux a Dream<\/figcaption><\/figure>\n<\/div>\n\n\n\n<div class=\"wp-block-column is-layout-flow wp-block-column-is-layout-flow\">\n<h3 class=\"wp-block-heading\" id=\"bdxadream\">Bordeaux a Dream<\/h3>\n\n\n\n<p>\u00bfBuscas una escapada gastron\u00f3mica en Burdeos? \u00a1No busques m\u00e1s! Bordeaux a Dream te descubre sus secretos a trav\u00e9s de actividades y paseos gastron\u00f3micos.<\/p>\n\n\n\n<p><a href=\"https:\/\/bordeaux-a-dream.com\/fr\/\" target=\"_blank\" rel=\"noreferrer noopener nofollow\">Visitar Bordeaux a Dream<\/a><\/p>\n<\/div>\n<\/div>\n\n\n\n<div class=\"wp-block-columns is-layout-flex wp-container-core-columns-is-layout-5 wp-block-columns-is-layout-flex\">\n<div class=\"wp-block-column is-layout-flow wp-block-column-is-layout-flow\">\n<h3 class=\"wp-block-heading\" id=\"visite-chateaux-vignobles\">Visita de castillos y vi\u00f1\u00e9dos<\/h3>\n\n\n\n<figure class=\"wp-block-image size-large\"><img data-recalc-dims=\"1\" loading=\"lazy\" decoding=\"async\" width=\"980\" height=\"536\" src=\"https:\/\/i0.wp.com\/www.leclosdesqueyries.com\/wp-content\/uploads\/2024\/02\/vignes.jpeg?resize=980%2C536&#038;ssl=1\" alt=\"\" class=\"wp-image-1171\" srcset=\"https:\/\/i0.wp.com\/www.leclosdesqueyries.com\/wp-content\/uploads\/2024\/02\/vignes-scaled.jpeg?resize=1024%2C560&amp;ssl=1 1024w, https:\/\/i0.wp.com\/www.leclosdesqueyries.com\/wp-content\/uploads\/2024\/02\/vignes-scaled.jpeg?resize=300%2C164&amp;ssl=1 300w, https:\/\/i0.wp.com\/www.leclosdesqueyries.com\/wp-content\/uploads\/2024\/02\/vignes-scaled.jpeg?resize=768%2C420&amp;ssl=1 768w, https:\/\/i0.wp.com\/www.leclosdesqueyries.com\/wp-content\/uploads\/2024\/02\/vignes-scaled.jpeg?resize=1536%2C840&amp;ssl=1 1536w, https:\/\/i0.wp.com\/www.leclosdesqueyries.com\/wp-content\/uploads\/2024\/02\/vignes-scaled.jpeg?resize=2048%2C1120&amp;ssl=1 2048w, https:\/\/i0.wp.com\/www.leclosdesqueyries.com\/wp-content\/uploads\/2024\/02\/vignes-scaled.jpeg?w=1960&amp;ssl=1 1960w\" sizes=\"auto, (max-width: 980px) 100vw, 980px\" \/><\/figure>\n\n\n\n<p>Tanto si es un principiante en la materia como si es un experto, nuestras bodegas asociadas le cautivar\u00e1n por la riqueza de sus vi\u00f1edos, la hermosa est\u00e9tica de sus fincas y la calidad de sus vinos.<\/p>\n<\/div>\n\n\n\n<div class=\"wp-block-column is-layout-flow wp-block-column-is-layout-flow\">\n<h3 class=\"wp-block-heading\" id=\"circuit-velo\">Circuito en bicicleta<\/h3>\n\n\n\n<figure class=\"wp-block-image size-full\"><img data-recalc-dims=\"1\" loading=\"lazy\" decoding=\"async\" width=\"980\" height=\"654\" src=\"https:\/\/i0.wp.com\/www.leclosdesqueyries.com\/wp-content\/uploads\/2024\/02\/ve%CC%81lo.webp?resize=980%2C654&#038;ssl=1\" alt=\"\" class=\"wp-image-1172\" srcset=\"https:\/\/i0.wp.com\/www.leclosdesqueyries.com\/wp-content\/uploads\/2024\/02\/ve%CC%81lo.webp?w=1000&amp;ssl=1 1000w, https:\/\/i0.wp.com\/www.leclosdesqueyries.com\/wp-content\/uploads\/2024\/02\/ve%CC%81lo.webp?resize=300%2C200&amp;ssl=1 300w, https:\/\/i0.wp.com\/www.leclosdesqueyries.com\/wp-content\/uploads\/2024\/02\/ve%CC%81lo.webp?resize=768%2C512&amp;ssl=1 768w\" sizes=\"auto, (max-width: 980px) 100vw, 980px\" \/><\/figure>\n\n\n\n<p>Disfrute de un paseo \u00fanico por el coraz\u00f3n de Burdeos, descubra su centro hist\u00f3rico, una joya arquitect\u00f3nica, su excepcional terru\u00f1o y sus grands crus class\u00e9s.<\/p>\n<\/div>\n\n\n\n<div class=\"wp-block-column is-layout-flow wp-block-column-is-layout-flow\">\n<h3 class=\"wp-block-heading\" id=\"balades-bateaux\">Paseos en barco<\/h3>\n\n\n\n<figure class=\"wp-block-image size-large\"><img data-recalc-dims=\"1\" loading=\"lazy\" decoding=\"async\" width=\"980\" height=\"551\" src=\"https:\/\/i0.wp.com\/www.leclosdesqueyries.com\/wp-content\/uploads\/2024\/02\/bateau.webp?resize=980%2C551&#038;ssl=1\" alt=\"\" class=\"wp-image-1173\" srcset=\"https:\/\/i0.wp.com\/www.leclosdesqueyries.com\/wp-content\/uploads\/2024\/02\/bateau.webp?resize=1024%2C576&amp;ssl=1 1024w, https:\/\/i0.wp.com\/www.leclosdesqueyries.com\/wp-content\/uploads\/2024\/02\/bateau.webp?resize=300%2C169&amp;ssl=1 300w, https:\/\/i0.wp.com\/www.leclosdesqueyries.com\/wp-content\/uploads\/2024\/02\/bateau.webp?resize=768%2C432&amp;ssl=1 768w, https:\/\/i0.wp.com\/www.leclosdesqueyries.com\/wp-content\/uploads\/2024\/02\/bateau.webp?w=1422&amp;ssl=1 1422w\" sizes=\"auto, (max-width: 980px) 100vw, 980px\" \/><\/figure>\n\n\n\n<p>Salga al coraz\u00f3n de Burdeos y descubra la ciudad desde el r\u00edo a bordo de nuestros barcos tur\u00edsticos. Durante estos paseos fluviales, descubrir\u00e1 m\u00e1s cosas sobre Burdeos y su estrecha relaci\u00f3n con el Garona y el vino.<\/p>\n\n\n\n<h3 class=\"wp-block-heading\" id=\"balades-bateaux\"><\/h3>\n<\/div>\n<\/div>\n\n\n\n<h2 class=\"wp-block-heading\" id=\"atelierculinaire\"><strong>Taller culinario <\/strong><\/h2>\n\n\n\n<div class=\"wp-block-columns is-layout-flex wp-container-core-columns-is-layout-6 wp-block-columns-is-layout-flex\">\n<div class=\"wp-block-column is-layout-flow wp-block-column-is-layout-flow\">\n<h3 class=\"wp-block-heading\" id=\"courscuisine\">Clases de cocina <\/h3>\n\n\n\n<figure class=\"wp-block-image size-large\"><img data-recalc-dims=\"1\" loading=\"lazy\" decoding=\"async\" width=\"980\" height=\"654\" src=\"https:\/\/i0.wp.com\/www.leclosdesqueyries.com\/wp-content\/uploads\/2024\/02\/cuisine.jpg?resize=980%2C654&#038;ssl=1\" alt=\"\" class=\"wp-image-1174\" srcset=\"https:\/\/i0.wp.com\/www.leclosdesqueyries.com\/wp-content\/uploads\/2024\/02\/cuisine.jpg?resize=1024%2C683&amp;ssl=1 1024w, https:\/\/i0.wp.com\/www.leclosdesqueyries.com\/wp-content\/uploads\/2024\/02\/cuisine.jpg?resize=300%2C200&amp;ssl=1 300w, https:\/\/i0.wp.com\/www.leclosdesqueyries.com\/wp-content\/uploads\/2024\/02\/cuisine.jpg?resize=768%2C513&amp;ssl=1 768w, https:\/\/i0.wp.com\/www.leclosdesqueyries.com\/wp-content\/uploads\/2024\/02\/cuisine.jpg?resize=1536%2C1025&amp;ssl=1 1536w, https:\/\/i0.wp.com\/www.leclosdesqueyries.com\/wp-content\/uploads\/2024\/02\/cuisine.jpg?w=1840&amp;ssl=1 1840w\" sizes=\"auto, (max-width: 980px) 100vw, 980px\" \/><\/figure>\n\n\n\n<p>\u00a1Un estimulante del sabor tanto en la vida como en el plato!<\/p>\n<\/div>\n\n\n\n<div class=\"wp-block-column is-layout-flow wp-block-column-is-layout-flow\"><\/div>\n\n\n\n<div class=\"wp-block-column is-layout-flow wp-block-column-is-layout-flow\"><\/div>\n<\/div>\n\n\n\n<h2 class=\"wp-block-heading\" id=\"transport\"><strong>Transporte<\/strong><\/h2>\n\n\n<div class=\"wp-block-image\">\n<figure class=\"aligncenter size-large is-resized\"><img data-recalc-dims=\"1\" loading=\"lazy\" decoding=\"async\" width=\"234\" height=\"221\" src=\"https:\/\/i0.wp.com\/www.leclosdesqueyries.com\/wp-content\/uploads\/2020\/08\/logo-all-in-drive-chauffeur-prive-bordeaux.png?resize=234%2C221&#038;ssl=1\" alt=\"Logo - All in drive\" class=\"wp-image-875\" style=\"width:163px;height:154px\"\/><\/figure><\/div>\n\n\n<p class=\"has-text-align-center\"><strong>All In Drive : Chauffeur priv\u00e9 \u00e0 Bordeaux<\/strong><\/p>\n\n\n\n<p class=\"has-text-align-center\">Site web : <a href=\"https:\/\/all-indrive.fr\/\">https:\/\/all-indrive.fr\/<\/a><br>T\u00e9l\u00e9phone : <a href=\"tel:+33766656599\">+33 (0)7 66 65 65 99<\/a><\/p>\n\n\n\n<h2 class=\"wp-block-heading\" id=\"rendez-vous\"><strong>Pedir una cita<\/strong><\/h2>\n\n\n\n<p>Para reservar una cita para cualquiera de los servicios que ofrecemos, p\u00f3ngase en contacto con Le Clos des Queyries por tel\u00e9fono.<\/p>\n\n\n\n<div class=\"wp-block-buttons is-layout-flex wp-block-buttons-is-layout-flex\">\n<div class=\"wp-block-button\"><a class=\"wp-block-button__link has-white-color has-text-color has-background wp-element-button\" href=\"tel:+33766316466\" style=\"background-color:#801c1f\">+33 (0)7 66 31 64 66<\/a><\/div>\n<\/div>\n","protected":false},"excerpt":{"rendered":"<p>Descubra todas las actividades y servicios que ofrece Le Clos des Queyries. Para que disfrute a\u00fan m\u00e1s de su visita, le ofrecemos una selecci\u00f3n de actividades y servicios con los que podr\u00e1 relajarse, descubrir la zona y hacer que su estancia sea a\u00fan m\u00e1s agradable. Actividades de bienestar Masajes, aromaterapia y reiki \u00abAl disfrutar de [&hellip;]<\/p>\n","protected":false},"author":1,"featured_media":0,"parent":0,"menu_order":0,"comment_status":"closed","ping_status":"closed","template":"template-fullwidth.php","meta":{"_acf_changed":false,"footnotes":""},"class_list":["post-920","page","type-page","status-publish","hentry"],"acf":[],"yoast_head":"<!-- This site is optimized with the Yoast SEO plugin v25.6 - https:\/\/yoast.com\/wordpress\/plugins\/seo\/ -->\n<title>Actividades y Servicios<\/title>\n<meta name=\"description\" content=\"D\u00e9couvrez toutes les activit\u00e9s et les services propos\u00e9s par le Clos des Queyries pour agr\u00e9menter votre s\u00e9jour\" \/>\n<meta name=\"robots\" content=\"index, follow, max-snippet:-1, max-image-preview:large, max-video-preview:-1\" \/>\n<link rel=\"canonical\" href=\"https:\/\/www.leclosdesqueyries.com\/es\/services-activites\/\" \/>\n<meta property=\"og:locale\" content=\"es_ES\" \/>\n<meta property=\"og:locale:alternate\" content=\"fr_FR\" \/>\n<meta property=\"og:locale:alternate\" content=\"en_US\" \/>\n<meta property=\"og:type\" content=\"article\" \/>\n<meta property=\"og:title\" content=\"Actividades y Servicios\" \/>\n<meta property=\"og:description\" content=\"D\u00e9couvrez toutes les activit\u00e9s et les services propos\u00e9s par le Clos des Queyries pour agr\u00e9menter votre s\u00e9jour\" \/>\n<meta property=\"og:url\" content=\"https:\/\/www.leclosdesqueyries.com\/es\/services-activites\/\" \/>\n<meta property=\"og:site_name\" content=\"Le Clos des Queyries\" \/>\n<meta property=\"article:modified_time\" content=\"2026-04-29T14:12:23+00:00\" \/>\n<meta property=\"og:image\" content=\"https:\/\/www.leclosdesqueyries.com\/wp-content\/uploads\/2021\/07\/massage-aromatherapie-1024x683.jpeg\" \/>\n<meta name=\"twitter:card\" content=\"summary_large_image\" \/>\n<meta name=\"twitter:label1\" content=\"Tiempo de lectura\" \/>\n\t<meta name=\"twitter:data1\" content=\"5 minutos\" \/>\n<script type=\"application\/ld+json\" class=\"yoast-schema-graph\">{\"@context\":\"https:\/\/schema.org\",\"@graph\":[{\"@type\":\"WebPage\",\"@id\":\"https:\/\/www.leclosdesqueyries.com\/es\/services-activites\/\",\"url\":\"https:\/\/www.leclosdesqueyries.com\/es\/services-activites\/\",\"name\":\"Actividades y Servicios\",\"isPartOf\":{\"@id\":\"https:\/\/www.leclosdesqueyries.com\/#website\"},\"primaryImageOfPage\":{\"@id\":\"https:\/\/www.leclosdesqueyries.com\/es\/services-activites\/#primaryimage\"},\"image\":{\"@id\":\"https:\/\/www.leclosdesqueyries.com\/es\/services-activites\/#primaryimage\"},\"thumbnailUrl\":\"https:\/\/www.leclosdesqueyries.com\/wp-content\/uploads\/2021\/07\/massage-aromatherapie-1024x683.jpeg\",\"datePublished\":\"2021-07-04T14:18:49+00:00\",\"dateModified\":\"2026-04-29T14:12:23+00:00\",\"description\":\"D\u00e9couvrez toutes les activit\u00e9s et les services propos\u00e9s par le Clos des Queyries pour agr\u00e9menter votre s\u00e9jour\",\"inLanguage\":\"es-ES\",\"potentialAction\":[{\"@type\":\"ReadAction\",\"target\":[\"https:\/\/www.leclosdesqueyries.com\/es\/services-activites\/\"]}]},{\"@type\":\"ImageObject\",\"inLanguage\":\"es-ES\",\"@id\":\"https:\/\/www.leclosdesqueyries.com\/es\/services-activites\/#primaryimage\",\"url\":\"https:\/\/www.leclosdesqueyries.com\/wp-content\/uploads\/2021\/07\/massage-aromatherapie-1024x683.jpeg\",\"contentUrl\":\"https:\/\/www.leclosdesqueyries.com\/wp-content\/uploads\/2021\/07\/massage-aromatherapie-1024x683.jpeg\"},{\"@type\":\"WebSite\",\"@id\":\"https:\/\/www.leclosdesqueyries.com\/#website\",\"url\":\"https:\/\/www.leclosdesqueyries.com\/\",\"name\":\"Le Clos des Queyries\",\"description\":\"\",\"publisher\":{\"@id\":\"https:\/\/www.leclosdesqueyries.com\/#organization\"},\"potentialAction\":[{\"@type\":\"SearchAction\",\"target\":{\"@type\":\"EntryPoint\",\"urlTemplate\":\"https:\/\/www.leclosdesqueyries.com\/?s={search_term_string}\"},\"query-input\":{\"@type\":\"PropertyValueSpecification\",\"valueRequired\":true,\"valueName\":\"search_term_string\"}}],\"inLanguage\":\"es-ES\"},{\"@type\":\"Organization\",\"@id\":\"https:\/\/www.leclosdesqueyries.com\/#organization\",\"name\":\"Le Clos des Queyries\",\"url\":\"https:\/\/www.leclosdesqueyries.com\/\",\"logo\":{\"@type\":\"ImageObject\",\"inLanguage\":\"es-ES\",\"@id\":\"https:\/\/www.leclosdesqueyries.com\/#\/schema\/logo\/image\/\",\"url\":\"https:\/\/i0.wp.com\/www.leclosdesqueyries.com\/wp-content\/uploads\/2020\/06\/cropped-Logo-LeClosQueyries-2018-2-3.jpg?fit=2048%2C934&ssl=1\",\"contentUrl\":\"https:\/\/i0.wp.com\/www.leclosdesqueyries.com\/wp-content\/uploads\/2020\/06\/cropped-Logo-LeClosQueyries-2018-2-3.jpg?fit=2048%2C934&ssl=1\",\"width\":2048,\"height\":934,\"caption\":\"Le Clos des Queyries\"},\"image\":{\"@id\":\"https:\/\/www.leclosdesqueyries.com\/#\/schema\/logo\/image\/\"}}]}<\/script>\n<!-- \/ Yoast SEO plugin. -->","yoast_head_json":{"title":"Actividades y Servicios","description":"D\u00e9couvrez toutes les activit\u00e9s et les services propos\u00e9s par le Clos des Queyries pour agr\u00e9menter votre s\u00e9jour","robots":{"index":"index","follow":"follow","max-snippet":"max-snippet:-1","max-image-preview":"max-image-preview:large","max-video-preview":"max-video-preview:-1"},"canonical":"https:\/\/www.leclosdesqueyries.com\/es\/services-activites\/","og_locale":"es_ES","og_type":"article","og_title":"[:fr]Activit\u00e9s & Services[:en]Activities & Services[:es]Actividades y Servicios[:] - Le Clos des Queyries","og_description":"[:fr]D\u00e9couvrez toutes les activit\u00e9s et les services propos\u00e9s par le Clos des Queyries pour agr\u00e9menter votre s\u00e9jour[:]","og_url":"https:\/\/www.leclosdesqueyries.com\/es\/services-activites\/","og_site_name":"Le Clos des Queyries","article_modified_time":"2026-04-29T14:12:23+00:00","og_image":[{"url":"https:\/\/www.leclosdesqueyries.com\/wp-content\/uploads\/2021\/07\/massage-aromatherapie-1024x683.jpeg","type":"","width":"","height":""}],"twitter_card":"summary_large_image","twitter_misc":{"Tiempo de lectura":"5 minutos"},"schema":{"@context":"https:\/\/schema.org","@graph":[{"@type":"WebPage","@id":"https:\/\/www.leclosdesqueyries.com\/es\/services-activites\/","url":"https:\/\/www.leclosdesqueyries.com\/es\/services-activites\/","name":"Actividades y Servicios","isPartOf":{"@id":"https:\/\/www.leclosdesqueyries.com\/#website"},"primaryImageOfPage":{"@id":"https:\/\/www.leclosdesqueyries.com\/es\/services-activites\/#primaryimage"},"image":{"@id":"https:\/\/www.leclosdesqueyries.com\/es\/services-activites\/#primaryimage"},"thumbnailUrl":"https:\/\/www.leclosdesqueyries.com\/wp-content\/uploads\/2021\/07\/massage-aromatherapie-1024x683.jpeg","datePublished":"2021-07-04T14:18:49+00:00","dateModified":"2026-04-29T14:12:23+00:00","description":"D\u00e9couvrez toutes les activit\u00e9s et les services propos\u00e9s par le Clos des Queyries pour agr\u00e9menter votre s\u00e9jour","inLanguage":"es-ES","potentialAction":[{"@type":"ReadAction","target":["https:\/\/www.leclosdesqueyries.com\/es\/services-activites\/"]}]},{"@type":"ImageObject","inLanguage":"es-ES","@id":"https:\/\/www.leclosdesqueyries.com\/es\/services-activites\/#primaryimage","url":"https:\/\/www.leclosdesqueyries.com\/wp-content\/uploads\/2021\/07\/massage-aromatherapie-1024x683.jpeg","contentUrl":"https:\/\/www.leclosdesqueyries.com\/wp-content\/uploads\/2021\/07\/massage-aromatherapie-1024x683.jpeg"},{"@type":"WebSite","@id":"https:\/\/www.leclosdesqueyries.com\/#website","url":"https:\/\/www.leclosdesqueyries.com\/","name":"Le Clos des Queyries","description":"","publisher":{"@id":"https:\/\/www.leclosdesqueyries.com\/#organization"},"potentialAction":[{"@type":"SearchAction","target":{"@type":"EntryPoint","urlTemplate":"https:\/\/www.leclosdesqueyries.com\/?s={search_term_string}"},"query-input":{"@type":"PropertyValueSpecification","valueRequired":true,"valueName":"search_term_string"}}],"inLanguage":"es-ES"},{"@type":"Organization","@id":"https:\/\/www.leclosdesqueyries.com\/#organization","name":"Le Clos des Queyries","url":"https:\/\/www.leclosdesqueyries.com\/","logo":{"@type":"ImageObject","inLanguage":"es-ES","@id":"https:\/\/www.leclosdesqueyries.com\/#\/schema\/logo\/image\/","url":"https:\/\/i0.wp.com\/www.leclosdesqueyries.com\/wp-content\/uploads\/2020\/06\/cropped-Logo-LeClosQueyries-2018-2-3.jpg?fit=2048%2C934&ssl=1","contentUrl":"https:\/\/i0.wp.com\/www.leclosdesqueyries.com\/wp-content\/uploads\/2020\/06\/cropped-Logo-LeClosQueyries-2018-2-3.jpg?fit=2048%2C934&ssl=1","width":2048,"height":934,"caption":"Le Clos des Queyries"},"image":{"@id":"https:\/\/www.leclosdesqueyries.com\/#\/schema\/logo\/image\/"}}]}},"jetpack_sharing_enabled":true,"_links":{"self":[{"href":"https:\/\/www.leclosdesqueyries.com\/es\/wp-json\/wp\/v2\/pages\/920","targetHints":{"allow":["GET"]}}],"collection":[{"href":"https:\/\/www.leclosdesqueyries.com\/es\/wp-json\/wp\/v2\/pages"}],"about":[{"href":"https:\/\/www.leclosdesqueyries.com\/es\/wp-json\/wp\/v2\/types\/page"}],"author":[{"embeddable":true,"href":"https:\/\/www.leclosdesqueyries.com\/es\/wp-json\/wp\/v2\/users\/1"}],"replies":[{"embeddable":true,"href":"https:\/\/www.leclosdesqueyries.com\/es\/wp-json\/wp\/v2\/comments?post=920"}],"version-history":[{"count":51,"href":"https:\/\/www.leclosdesqueyries.com\/es\/wp-json\/wp\/v2\/pages\/920\/revisions"}],"predecessor-version":[{"id":1372,"href":"https:\/\/www.leclosdesqueyries.com\/es\/wp-json\/wp\/v2\/pages\/920\/revisions\/1372"}],"wp:attachment":[{"href":"https:\/\/www.leclosdesqueyries.com\/es\/wp-json\/wp\/v2\/media?parent=920"}],"curies":[{"name":"wp","href":"https:\/\/api.w.org\/{rel}","templated":true}]}}